{"id":676,"date":"2019-09-17T19:58:39","date_gmt":"2019-09-17T17:58:39","guid":{"rendered":"http:\/\/impeco.com.pl\/?page_id=676"},"modified":"2021-09-08T10:55:36","modified_gmt":"2021-09-08T08:55:36","slug":"contact","status":"publish","type":"page","link":"https:\/\/impeco.com.pl\/en\/contact\/","title":{"rendered":"Contact"},"content":{"rendered":"<div class=\"wpb-content-wrapper\"><p>[vc_row][vc_column width=&#8221;1\/2&#8243;][vc_row_inner][vc_column_inner width=&#8221;1\/2&#8243;][vc_column_text]<\/p>\n<h4>IMPECO Sp. z o. o.<br \/>\nSp\u00f3\u0142ka Komandytowa<\/h4>\n<p>ul. Mydlana 1<br \/>\n51-502 Wroc\u0142aw<\/p>\n<p><strong>Main office<\/strong><br \/>\nal. Armii Krajowej 61<br \/>\n50-541 Wroc\u0142aw<\/p>\n<p><strong>Opening hours<\/strong><br \/>\n8:00 &#8211; 16:00 (working days)<\/p>\n<p><strong>Warehouse<\/strong><br \/>\nal. Armii Krajowej 61<br \/>\n50-541 Wroc\u0142aw[\/vc_column_text][\/vc_column_inner][vc_column_inner width=&#8221;1\/2&#8243;][vc_column_text]<\/p>\n<h4>Contact Us<\/h4>\n<p><strong>Sales<\/strong><br \/>\nTel: <a href=\"tel:+48 71 390 49 08\">+48 71 390 49 08<\/a><br \/>\nFax: +48 71 324 18 90<br \/>\nEmail: <a href=\"mailto:office@impeco.pl\">office@impeco.pl<\/a><\/p>\n<p><strong>Accounts<\/strong><br \/>\nTel: <a href=\"tel:+48 71 367 90 25\">+48 71 367 90 25<\/a><\/p>\n<p><strong>Logistics<\/strong><br \/>\nTel: <a href=\"tel:+48 71 367 90 25\">+48 71 367 90 25<\/a><\/p>\n<p>German Market Manager<\/p>\n<p>Kom: <a href=\"tel:+48 664 987 547\">+48 664 987 547<\/a><br \/>\nEmail:<\/p>\n<p><strong>Aleksander Twardowski<\/strong><br \/>\nExport Sales<\/p>\n<p>Kom: <a href=\"tel:+48 71 367 90 25\">+48 71 367 90 25<\/a><br \/>\nEmail: <a href=\"mailto:a.twardowski@impeco.pl\">a.twardowski@impeco.pl<\/a>[\/vc_column_text][\/vc_column_inner][\/vc_row_inner][\/vc_column][vc_column width=&#8221;1\/2&#8243;][vc_gmaps link=&#8221;#E-8_JTNDaWZyYW1lJTIwc3JjJTNEJTIyaHR0cHMlM0ElMkYlMkZ3d3cuZ29vZ2xlLmNvbSUyRm1hcHMlMkZlbWJlZCUzRnBiJTNEJTIxMW0xOCUyMTFtMTIlMjExbTMlMjExZDM1MzMuMjcxNDE3MDQ3ODY0JTIxMmQxNy4xMTA5MTA3NzcwODQwMjYlMjEzZDUxLjExNjE5OTQzMzkzOTkwNCUyMTJtMyUyMTFmMCUyMTJmMCUyMTNmMCUyMTNtMiUyMTFpMTAyNCUyMTJpNzY4JTIxNGYxMy4xJTIxM20zJTIxMW0yJTIxMXMweDQ3MGZlODBlN2Y1YWE0NWQlMjUzQTB4OGQ1NTBiZWQ1ZDQ4MDliNCUyMTJzSU1QRUNPJTI1MjBTcC4lMjUyMHolMjUyMG8uJTI1MjBvLiUyMTVlMCUyMTNtMiUyMTFzcGwlMjEyc3BsJTIxNHYxNTY4NjI0MDU1MjM0JTIxNW0yJTIxMXNwbCUyMTJzcGwlMjIlMjB3aWR0aCUzRCUyMjYwMCUyMiUyMGhlaWdodCUzRCUyMjQ1MCUyMiUyMGZyYW1lYm9yZGVyJTNEJTIyMCUyMiUyMHN0eWxlJTNEJTIyYm9yZGVyJTNBMCUzQiUyMiUyMGFsbG93ZnVsbHNjcmVlbiUzRCUyMiUyMiUzRSUzQyUyRmlmcmFtZSUzRQ==&#8221; size=&#8221;525&#8243;][\/vc_column][\/vc_row]<\/p>\n<\/div>","protected":false},"excerpt":{"rendered":"<p>[vc_row][vc_column width=&#8221;1\/2&#8243;][vc_row_inner][vc_column_inner width=&#8221;1\/2&#8243;][vc_column_text] IMPECO Sp. z o. o. Sp\u00f3\u0142ka Komandytowa ul. Mydlana 1 51-502 Wroc\u0142aw Main office al. Armii Krajowej 61 50-541 Wroc\u0142aw Opening hours 8:00 &#8211; 16:00 (working days) Warehouse al. Armii Krajowej 61 50-541 Wroc\u0142aw[\/vc_column_text][\/vc_column_inner][vc_column_inner width=&#8221;1\/2&#8243;][vc_column_text] Contact Us Sales Tel: +48 71 390 49 08 Fax: +48 71 324 18 90 Email: office@impeco.pl&hellip;<\/p>\n","protected":false},"author":1,"featured_media":0,"parent":0,"menu_order":0,"comment_status":"closed","ping_status":"closed","template":"","meta":{"footnotes":""},"class_list":["post-676","page","type-page","status-publish","hentry","description-off"],"yoast_head":"<!-- This site is optimized with the Yoast SEO plugin v25.4 - https:\/\/yoast.com\/wordpress\/plugins\/seo\/ -->\n<title>Contact | Impeco Wroc\u0142aw<\/title>\n<meta name=\"robots\" content=\"index, follow, max-snippet:-1, max-image-preview:large, max-video-preview:-1\" \/>\n<link rel=\"canonical\" href=\"https:\/\/impeco.com.pl\/en\/contact\/\" \/>\n<meta property=\"og:locale\" content=\"en_US\" \/>\n<meta property=\"og:type\" content=\"article\" \/>\n<meta property=\"og:title\" content=\"Contact | Impeco Wroc\u0142aw\" \/>\n<meta property=\"og:description\" content=\"[vc_row][vc_column width=&#8221;1\/2&#8243;][vc_row_inner][vc_column_inner width=&#8221;1\/2&#8243;][vc_column_text] IMPECO Sp. z o. o. Sp\u00f3\u0142ka Komandytowa ul. Mydlana 1 51-502 Wroc\u0142aw Main office al. Armii Krajowej 61 50-541 Wroc\u0142aw Opening hours 8:00 &#8211; 16:00 (working days) Warehouse al. Armii Krajowej 61 50-541 Wroc\u0142aw[\/vc_column_text][\/vc_column_inner][vc_column_inner width=&#8221;1\/2&#8243;][vc_column_text] Contact Us Sales Tel: +48 71 390 49 08 Fax: +48 71 324 18 90 Email: office@impeco.pl&hellip;\" \/>\n<meta property=\"og:url\" content=\"https:\/\/impeco.com.pl\/en\/contact\/\" \/>\n<meta property=\"og:site_name\" content=\"Impeco Wroc\u0142aw\" \/>\n<meta property=\"article:modified_time\" content=\"2021-09-08T08:55:36+00:00\" \/>\n<meta name=\"twitter:card\" content=\"summary_large_image\" \/>\n<meta name=\"twitter:label1\" content=\"Est. reading time\" \/>\n\t<meta name=\"twitter:data1\" content=\"1 minute\" \/>\n<script type=\"application\/ld+json\" class=\"yoast-schema-graph\">{\"@context\":\"https:\/\/schema.org\",\"@graph\":[{\"@type\":\"WebPage\",\"@id\":\"https:\/\/impeco.com.pl\/en\/contact\/\",\"url\":\"https:\/\/impeco.com.pl\/en\/contact\/\",\"name\":\"Contact | Impeco Wroc\u0142aw\",\"isPartOf\":{\"@id\":\"https:\/\/impeco.com.pl\/#website\"},\"datePublished\":\"2019-09-17T17:58:39+00:00\",\"dateModified\":\"2021-09-08T08:55:36+00:00\",\"breadcrumb\":{\"@id\":\"https:\/\/impeco.com.pl\/en\/contact\/#breadcrumb\"},\"inLanguage\":\"en-US\",\"potentialAction\":[{\"@type\":\"ReadAction\",\"target\":[\"https:\/\/impeco.com.pl\/en\/contact\/\"]}]},{\"@type\":\"BreadcrumbList\",\"@id\":\"https:\/\/impeco.com.pl\/en\/contact\/#breadcrumb\",\"itemListElement\":[{\"@type\":\"ListItem\",\"position\":1,\"name\":\"Strona g\u0142\u00f3wna\",\"item\":\"https:\/\/impeco.com.pl\/en\/\"},{\"@type\":\"ListItem\",\"position\":2,\"name\":\"Contact\"}]},{\"@type\":\"WebSite\",\"@id\":\"https:\/\/impeco.com.pl\/#website\",\"url\":\"https:\/\/impeco.com.pl\/\",\"name\":\"Impeco Wroc\u0142aw\",\"description\":\"Oferujemy szeroki asortyment wyposa\u017cenia toalet publicznych\",\"potentialAction\":[{\"@type\":\"SearchAction\",\"target\":{\"@type\":\"EntryPoint\",\"urlTemplate\":\"https:\/\/impeco.com.pl\/?s={search_term_string}\"},\"query-input\":{\"@type\":\"PropertyValueSpecification\",\"valueRequired\":true,\"valueName\":\"search_term_string\"}}],\"inLanguage\":\"en-US\"}]}<\/script>\n<!-- \/ Yoast SEO plugin. -->","yoast_head_json":{"title":"Contact | Impeco Wroc\u0142aw","robots":{"index":"index","follow":"follow","max-snippet":"max-snippet:-1","max-image-preview":"max-image-preview:large","max-video-preview":"max-video-preview:-1"},"canonical":"https:\/\/impeco.com.pl\/en\/contact\/","og_locale":"en_US","og_type":"article","og_title":"Contact | Impeco Wroc\u0142aw","og_description":"[vc_row][vc_column width=&#8221;1\/2&#8243;][vc_row_inner][vc_column_inner width=&#8221;1\/2&#8243;][vc_column_text] IMPECO Sp. z o. o. Sp\u00f3\u0142ka Komandytowa ul. Mydlana 1 51-502 Wroc\u0142aw Main office al. Armii Krajowej 61 50-541 Wroc\u0142aw Opening hours 8:00 &#8211; 16:00 (working days) Warehouse al. Armii Krajowej 61 50-541 Wroc\u0142aw[\/vc_column_text][\/vc_column_inner][vc_column_inner width=&#8221;1\/2&#8243;][vc_column_text] Contact Us Sales Tel: +48 71 390 49 08 Fax: +48 71 324 18 90 Email: office@impeco.pl&hellip;","og_url":"https:\/\/impeco.com.pl\/en\/contact\/","og_site_name":"Impeco Wroc\u0142aw","article_modified_time":"2021-09-08T08:55:36+00:00","twitter_card":"summary_large_image","twitter_misc":{"Est. reading time":"1 minute"},"schema":{"@context":"https:\/\/schema.org","@graph":[{"@type":"WebPage","@id":"https:\/\/impeco.com.pl\/en\/contact\/","url":"https:\/\/impeco.com.pl\/en\/contact\/","name":"Contact | Impeco Wroc\u0142aw","isPartOf":{"@id":"https:\/\/impeco.com.pl\/#website"},"datePublished":"2019-09-17T17:58:39+00:00","dateModified":"2021-09-08T08:55:36+00:00","breadcrumb":{"@id":"https:\/\/impeco.com.pl\/en\/contact\/#breadcrumb"},"inLanguage":"en-US","potentialAction":[{"@type":"ReadAction","target":["https:\/\/impeco.com.pl\/en\/contact\/"]}]},{"@type":"BreadcrumbList","@id":"https:\/\/impeco.com.pl\/en\/contact\/#breadcrumb","itemListElement":[{"@type":"ListItem","position":1,"name":"Strona g\u0142\u00f3wna","item":"https:\/\/impeco.com.pl\/en\/"},{"@type":"ListItem","position":2,"name":"Contact"}]},{"@type":"WebSite","@id":"https:\/\/impeco.com.pl\/#website","url":"https:\/\/impeco.com.pl\/","name":"Impeco Wroc\u0142aw","description":"Oferujemy szeroki asortyment wyposa\u017cenia toalet publicznych","potentialAction":[{"@type":"SearchAction","target":{"@type":"EntryPoint","urlTemplate":"https:\/\/impeco.com.pl\/?s={search_term_string}"},"query-input":{"@type":"PropertyValueSpecification","valueRequired":true,"valueName":"search_term_string"}}],"inLanguage":"en-US"}]}},"_links":{"self":[{"href":"https:\/\/impeco.com.pl\/en\/wp-json\/wp\/v2\/pages\/676","targetHints":{"allow":["GET"]}}],"collection":[{"href":"https:\/\/impeco.com.pl\/en\/wp-json\/wp\/v2\/pages"}],"about":[{"href":"https:\/\/impeco.com.pl\/en\/wp-json\/wp\/v2\/types\/page"}],"author":[{"embeddable":true,"href":"https:\/\/impeco.com.pl\/en\/wp-json\/wp\/v2\/users\/1"}],"replies":[{"embeddable":true,"href":"https:\/\/impeco.com.pl\/en\/wp-json\/wp\/v2\/comments?post=676"}],"version-history":[{"count":8,"href":"https:\/\/impeco.com.pl\/en\/wp-json\/wp\/v2\/pages\/676\/revisions"}],"predecessor-version":[{"id":1757,"href":"https:\/\/impeco.com.pl\/en\/wp-json\/wp\/v2\/pages\/676\/revisions\/1757"}],"wp:attachment":[{"href":"https:\/\/impeco.com.pl\/en\/wp-json\/wp\/v2\/media?parent=676"}],"curies":[{"name":"wp","href":"https:\/\/api.w.org\/{rel}","templated":true}]}}