{"id":1638,"date":"2019-09-20T21:14:45","date_gmt":"2019-09-20T19:14:45","guid":{"rendered":"http:\/\/impeco.com.pl\/produkt\/duftspender-nachfullung-ocean-splash\/"},"modified":"2019-09-20T21:14:45","modified_gmt":"2019-09-20T19:14:45","slug":"duftspender-nachfullung-ocean-splash","status":"publish","type":"product","link":"https:\/\/impeco.com.pl\/de\/produkt\/duftspender-nachfullung-ocean-splash\/","title":{"rendered":"Duftspender Nachf\u00fcllung Ocean Splash"},"content":{"rendered":"<p>Artikel: APF123<\/p>\n","protected":false},"excerpt":{"rendered":"<p>Ein sauberer, frischer, mediterraner Duft. Noten von Mandarinen, Zitronen, gr\u00fcnem Tee und Fl\u00e4schchen, verst\u00e4rkt durch den Duft von Lavendel, Sandelholz, Zedernholz, Bernstein, Moschus und Patschuli. Ergiebig und langlebig.<\/p>\n","protected":false},"featured_media":1366,"template":"","meta":[],"product_brand":[],"product_cat":[62],"product_tag":[],"class_list":{"0":"post-1638","1":"product","2":"type-product","3":"status-publish","4":"has-post-thumbnail","6":"product_cat-lufterfrischer","7":"description-off","9":"first","10":"instock","11":"shipping-taxable","12":"product-type-simple"},"yoast_head":"<!-- This site is optimized with the Yoast SEO plugin v25.4 - https:\/\/yoast.com\/wordpress\/plugins\/seo\/ -->\n<title>Duftspender Nachf\u00fcllung Ocean Splash | Impeco Wroc\u0142aw<\/title>\n<meta name=\"robots\" content=\"index, follow, max-snippet:-1, max-image-preview:large, max-video-preview:-1\" \/>\n<link rel=\"canonical\" href=\"https:\/\/impeco.com.pl\/de\/produkt\/duftspender-nachfullung-ocean-splash\/\" \/>\n<meta property=\"og:locale\" content=\"de_DE\" \/>\n<meta property=\"og:type\" content=\"article\" \/>\n<meta property=\"og:title\" content=\"Duftspender Nachf\u00fcllung Ocean Splash | Impeco Wroc\u0142aw\" \/>\n<meta property=\"og:description\" content=\"Ein sauberer, frischer, mediterraner Duft. Noten von Mandarinen, Zitronen, gr\u00fcnem Tee und Fl\u00e4schchen, verst\u00e4rkt durch den Duft von Lavendel, Sandelholz, Zedernholz, Bernstein, Moschus und Patschuli. Ergiebig und langlebig.\" \/>\n<meta property=\"og:url\" content=\"https:\/\/impeco.com.pl\/de\/produkt\/duftspender-nachfullung-ocean-splash\/\" \/>\n<meta property=\"og:site_name\" content=\"Impeco Wroc\u0142aw\" \/>\n<meta property=\"og:image\" content=\"https:\/\/impeco.com.pl\/wp-content\/uploads\/2019\/09\/ocean-splash-1.jpg\" \/>\n\t<meta property=\"og:image:width\" content=\"1000\" \/>\n\t<meta property=\"og:image:height\" content=\"840\" \/>\n\t<meta property=\"og:image:type\" content=\"image\/jpeg\" \/>\n<meta name=\"twitter:card\" content=\"summary_large_image\" \/>\n<script type=\"application\/ld+json\" class=\"yoast-schema-graph\">{\"@context\":\"https:\/\/schema.org\",\"@graph\":[{\"@type\":\"WebPage\",\"@id\":\"https:\/\/impeco.com.pl\/de\/produkt\/duftspender-nachfullung-ocean-splash\/\",\"url\":\"https:\/\/impeco.com.pl\/de\/produkt\/duftspender-nachfullung-ocean-splash\/\",\"name\":\"Duftspender Nachf\u00fcllung Ocean Splash | Impeco Wroc\u0142aw\",\"isPartOf\":{\"@id\":\"https:\/\/impeco.com.pl\/#website\"},\"primaryImageOfPage\":{\"@id\":\"https:\/\/impeco.com.pl\/de\/produkt\/duftspender-nachfullung-ocean-splash\/#primaryimage\"},\"image\":{\"@id\":\"https:\/\/impeco.com.pl\/de\/produkt\/duftspender-nachfullung-ocean-splash\/#primaryimage\"},\"thumbnailUrl\":\"https:\/\/impeco.com.pl\/wp-content\/uploads\/2019\/09\/ocean-splash-1.jpg\",\"datePublished\":\"2019-09-20T19:14:45+00:00\",\"breadcrumb\":{\"@id\":\"https:\/\/impeco.com.pl\/de\/produkt\/duftspender-nachfullung-ocean-splash\/#breadcrumb\"},\"inLanguage\":\"de\",\"potentialAction\":[{\"@type\":\"ReadAction\",\"target\":[\"https:\/\/impeco.com.pl\/de\/produkt\/duftspender-nachfullung-ocean-splash\/\"]}]},{\"@type\":\"ImageObject\",\"inLanguage\":\"de\",\"@id\":\"https:\/\/impeco.com.pl\/de\/produkt\/duftspender-nachfullung-ocean-splash\/#primaryimage\",\"url\":\"https:\/\/impeco.com.pl\/wp-content\/uploads\/2019\/09\/ocean-splash-1.jpg\",\"contentUrl\":\"https:\/\/impeco.com.pl\/wp-content\/uploads\/2019\/09\/ocean-splash-1.jpg\",\"width\":1000,\"height\":840},{\"@type\":\"BreadcrumbList\",\"@id\":\"https:\/\/impeco.com.pl\/de\/produkt\/duftspender-nachfullung-ocean-splash\/#breadcrumb\",\"itemListElement\":[{\"@type\":\"ListItem\",\"position\":1,\"name\":\"Strona g\u0142\u00f3wna\",\"item\":\"https:\/\/impeco.com.pl\/de\/\"},{\"@type\":\"ListItem\",\"position\":2,\"name\":\"Sortiment\",\"item\":\"https:\/\/impeco.com.pl\/de\/sortiment\/\"},{\"@type\":\"ListItem\",\"position\":3,\"name\":\"Duftspender Nachf\u00fcllung Ocean Splash\"}]},{\"@type\":\"WebSite\",\"@id\":\"https:\/\/impeco.com.pl\/#website\",\"url\":\"https:\/\/impeco.com.pl\/\",\"name\":\"Impeco Wroc\u0142aw\",\"description\":\"Oferujemy szeroki asortyment wyposa\u017cenia toalet publicznych\",\"potentialAction\":[{\"@type\":\"SearchAction\",\"target\":{\"@type\":\"EntryPoint\",\"urlTemplate\":\"https:\/\/impeco.com.pl\/?s={search_term_string}\"},\"query-input\":{\"@type\":\"PropertyValueSpecification\",\"valueRequired\":true,\"valueName\":\"search_term_string\"}}],\"inLanguage\":\"de\"}]}<\/script>\n<!-- \/ Yoast SEO plugin. -->","yoast_head_json":{"title":"Duftspender Nachf\u00fcllung Ocean Splash | Impeco Wroc\u0142aw","robots":{"index":"index","follow":"follow","max-snippet":"max-snippet:-1","max-image-preview":"max-image-preview:large","max-video-preview":"max-video-preview:-1"},"canonical":"https:\/\/impeco.com.pl\/de\/produkt\/duftspender-nachfullung-ocean-splash\/","og_locale":"de_DE","og_type":"article","og_title":"Duftspender Nachf\u00fcllung Ocean Splash | Impeco Wroc\u0142aw","og_description":"Ein sauberer, frischer, mediterraner Duft. Noten von Mandarinen, Zitronen, gr\u00fcnem Tee und Fl\u00e4schchen, verst\u00e4rkt durch den Duft von Lavendel, Sandelholz, Zedernholz, Bernstein, Moschus und Patschuli. Ergiebig und langlebig.","og_url":"https:\/\/impeco.com.pl\/de\/produkt\/duftspender-nachfullung-ocean-splash\/","og_site_name":"Impeco Wroc\u0142aw","og_image":[{"width":1000,"height":840,"url":"https:\/\/impeco.com.pl\/wp-content\/uploads\/2019\/09\/ocean-splash-1.jpg","type":"image\/jpeg"}],"twitter_card":"summary_large_image","schema":{"@context":"https:\/\/schema.org","@graph":[{"@type":"WebPage","@id":"https:\/\/impeco.com.pl\/de\/produkt\/duftspender-nachfullung-ocean-splash\/","url":"https:\/\/impeco.com.pl\/de\/produkt\/duftspender-nachfullung-ocean-splash\/","name":"Duftspender Nachf\u00fcllung Ocean Splash | Impeco Wroc\u0142aw","isPartOf":{"@id":"https:\/\/impeco.com.pl\/#website"},"primaryImageOfPage":{"@id":"https:\/\/impeco.com.pl\/de\/produkt\/duftspender-nachfullung-ocean-splash\/#primaryimage"},"image":{"@id":"https:\/\/impeco.com.pl\/de\/produkt\/duftspender-nachfullung-ocean-splash\/#primaryimage"},"thumbnailUrl":"https:\/\/impeco.com.pl\/wp-content\/uploads\/2019\/09\/ocean-splash-1.jpg","datePublished":"2019-09-20T19:14:45+00:00","breadcrumb":{"@id":"https:\/\/impeco.com.pl\/de\/produkt\/duftspender-nachfullung-ocean-splash\/#breadcrumb"},"inLanguage":"de","potentialAction":[{"@type":"ReadAction","target":["https:\/\/impeco.com.pl\/de\/produkt\/duftspender-nachfullung-ocean-splash\/"]}]},{"@type":"ImageObject","inLanguage":"de","@id":"https:\/\/impeco.com.pl\/de\/produkt\/duftspender-nachfullung-ocean-splash\/#primaryimage","url":"https:\/\/impeco.com.pl\/wp-content\/uploads\/2019\/09\/ocean-splash-1.jpg","contentUrl":"https:\/\/impeco.com.pl\/wp-content\/uploads\/2019\/09\/ocean-splash-1.jpg","width":1000,"height":840},{"@type":"BreadcrumbList","@id":"https:\/\/impeco.com.pl\/de\/produkt\/duftspender-nachfullung-ocean-splash\/#breadcrumb","itemListElement":[{"@type":"ListItem","position":1,"name":"Strona g\u0142\u00f3wna","item":"https:\/\/impeco.com.pl\/de\/"},{"@type":"ListItem","position":2,"name":"Sortiment","item":"https:\/\/impeco.com.pl\/de\/sortiment\/"},{"@type":"ListItem","position":3,"name":"Duftspender Nachf\u00fcllung Ocean Splash"}]},{"@type":"WebSite","@id":"https:\/\/impeco.com.pl\/#website","url":"https:\/\/impeco.com.pl\/","name":"Impeco Wroc\u0142aw","description":"Oferujemy szeroki asortyment wyposa\u017cenia toalet publicznych","potentialAction":[{"@type":"SearchAction","target":{"@type":"EntryPoint","urlTemplate":"https:\/\/impeco.com.pl\/?s={search_term_string}"},"query-input":{"@type":"PropertyValueSpecification","valueRequired":true,"valueName":"search_term_string"}}],"inLanguage":"de"}]}},"_links":{"self":[{"href":"https:\/\/impeco.com.pl\/de\/wp-json\/wp\/v2\/product\/1638","targetHints":{"allow":["GET"]}}],"collection":[{"href":"https:\/\/impeco.com.pl\/de\/wp-json\/wp\/v2\/product"}],"about":[{"href":"https:\/\/impeco.com.pl\/de\/wp-json\/wp\/v2\/types\/product"}],"wp:featuredmedia":[{"embeddable":true,"href":"https:\/\/impeco.com.pl\/de\/wp-json\/wp\/v2\/media\/1366"}],"wp:attachment":[{"href":"https:\/\/impeco.com.pl\/de\/wp-json\/wp\/v2\/media?parent=1638"}],"wp:term":[{"taxonomy":"product_brand","embeddable":true,"href":"https:\/\/impeco.com.pl\/de\/wp-json\/wp\/v2\/product_brand?post=1638"},{"taxonomy":"product_cat","embeddable":true,"href":"https:\/\/impeco.com.pl\/de\/wp-json\/wp\/v2\/product_cat?post=1638"},{"taxonomy":"product_tag","embeddable":true,"href":"https:\/\/impeco.com.pl\/de\/wp-json\/wp\/v2\/product_tag?post=1638"}],"curies":[{"name":"wp","href":"https:\/\/api.w.org\/{rel}","templated":true}]}}