{"id":1559,"date":"2019-09-20T21:23:50","date_gmt":"2019-09-20T19:23:50","guid":{"rendered":"http:\/\/impeco.com.pl\/produkt\/wickeltisch-edelstahl-rostfrei\/"},"modified":"2023-04-13T16:51:59","modified_gmt":"2023-04-13T14:51:59","slug":"wickeltisch-edelstahl-rostfrei","status":"publish","type":"product","link":"https:\/\/impeco.com.pl\/de\/produkt\/wickeltisch-edelstahl-rostfrei\/","title":{"rendered":"Wickeltisch Edelstahl rostfrei"},"content":{"rendered":"<p><strong>Artikel BABN92<\/strong><\/p>\n<table>\n<tbody>\n<tr>\n<td>Ma\u00dfe<\/td>\n<td>H: 520 mm, B: 900 mm, T: 104 mm<\/td>\n<\/tr>\n<tr>\n<td>Ma\u00dfe (ge\u00f6ffnet)<\/td>\n<td>H: 520 mm, B: 900 mm, T: 495 mm<\/td>\n<\/tr>\n<tr>\n<td>Material (Geh\u00e4use)<\/td>\n<td>Edelstahl 304<\/td>\n<\/tr>\n<tr>\n<td>Material (Wickeltisch)<\/td>\n<td>Polyethylen HD<\/td>\n<\/tr>\n<tr>\n<td>Gewicht<\/td>\n<td>28,5 kg<\/td>\n<\/tr>\n<tr>\n<td>F\u00fcr Kinder<\/td>\n<td>bis 25 kg<\/td>\n<\/tr>\n<tr>\n<td>Garantie<\/td>\n<td>3 Jahre<\/td>\n<\/tr>\n<\/tbody>\n<\/table>\n","protected":false},"excerpt":{"rendered":"<p>Wickeltisch zur Wandmontage im Edelstahlgeh\u00e4use. Edelstahl 304 rostfrei, matt geb\u00fcrstet. Einfach zu reinigen, elegant und vandalierungssicher. Mit Sicherheitsgurt und 2 Taschen f\u00fcr Auflaget\u00fccher.<\/p>\n","protected":false},"featured_media":1393,"template":"","meta":[],"product_brand":[],"product_cat":[65],"product_tag":[],"class_list":{"0":"post-1559","1":"product","2":"type-product","3":"status-publish","4":"has-post-thumbnail","6":"product_cat-wickeltisch","7":"description-off","9":"first","10":"instock","11":"shipping-taxable","12":"product-type-simple"},"yoast_head":"<!-- This site is optimized with the Yoast SEO plugin v25.4 - https:\/\/yoast.com\/wordpress\/plugins\/seo\/ -->\n<title>Wickeltisch Edelstahl rostfrei | Impeco Wroc\u0142aw<\/title>\n<meta name=\"robots\" content=\"index, follow, max-snippet:-1, max-image-preview:large, max-video-preview:-1\" \/>\n<link rel=\"canonical\" href=\"https:\/\/impeco.com.pl\/de\/produkt\/wickeltisch-edelstahl-rostfrei\/\" \/>\n<meta property=\"og:locale\" content=\"de_DE\" \/>\n<meta property=\"og:type\" content=\"article\" \/>\n<meta property=\"og:title\" content=\"Wickeltisch Edelstahl rostfrei | Impeco Wroc\u0142aw\" \/>\n<meta property=\"og:description\" content=\"Wickeltisch zur Wandmontage im Edelstahlgeh\u00e4use. Edelstahl 304 rostfrei, matt geb\u00fcrstet. Einfach zu reinigen, elegant und vandalierungssicher. Mit Sicherheitsgurt und 2 Taschen f\u00fcr Auflaget\u00fccher.\" \/>\n<meta property=\"og:url\" content=\"https:\/\/impeco.com.pl\/de\/produkt\/wickeltisch-edelstahl-rostfrei\/\" \/>\n<meta property=\"og:site_name\" content=\"Impeco Wroc\u0142aw\" \/>\n<meta property=\"article:modified_time\" content=\"2023-04-13T14:51:59+00:00\" \/>\n<meta property=\"og:image\" content=\"https:\/\/impeco.com.pl\/wp-content\/uploads\/2019\/09\/ff1944aa3e1d6412b723f0b5c66e7ea7-1.jpg\" \/>\n\t<meta property=\"og:image:width\" content=\"1000\" \/>\n\t<meta property=\"og:image:height\" content=\"840\" \/>\n\t<meta property=\"og:image:type\" content=\"image\/jpeg\" \/>\n<meta name=\"twitter:card\" content=\"summary_large_image\" \/>\n<meta name=\"twitter:label1\" content=\"Gesch\u00e4tzte Lesezeit\" \/>\n\t<meta name=\"twitter:data1\" content=\"1\u00a0Minute\" \/>\n<script type=\"application\/ld+json\" class=\"yoast-schema-graph\">{\"@context\":\"https:\/\/schema.org\",\"@graph\":[{\"@type\":\"WebPage\",\"@id\":\"https:\/\/impeco.com.pl\/de\/produkt\/wickeltisch-edelstahl-rostfrei\/\",\"url\":\"https:\/\/impeco.com.pl\/de\/produkt\/wickeltisch-edelstahl-rostfrei\/\",\"name\":\"Wickeltisch Edelstahl rostfrei | Impeco Wroc\u0142aw\",\"isPartOf\":{\"@id\":\"https:\/\/impeco.com.pl\/#website\"},\"primaryImageOfPage\":{\"@id\":\"https:\/\/impeco.com.pl\/de\/produkt\/wickeltisch-edelstahl-rostfrei\/#primaryimage\"},\"image\":{\"@id\":\"https:\/\/impeco.com.pl\/de\/produkt\/wickeltisch-edelstahl-rostfrei\/#primaryimage\"},\"thumbnailUrl\":\"https:\/\/impeco.com.pl\/wp-content\/uploads\/2019\/09\/ff1944aa3e1d6412b723f0b5c66e7ea7-1.jpg\",\"datePublished\":\"2019-09-20T19:23:50+00:00\",\"dateModified\":\"2023-04-13T14:51:59+00:00\",\"breadcrumb\":{\"@id\":\"https:\/\/impeco.com.pl\/de\/produkt\/wickeltisch-edelstahl-rostfrei\/#breadcrumb\"},\"inLanguage\":\"de\",\"potentialAction\":[{\"@type\":\"ReadAction\",\"target\":[\"https:\/\/impeco.com.pl\/de\/produkt\/wickeltisch-edelstahl-rostfrei\/\"]}]},{\"@type\":\"ImageObject\",\"inLanguage\":\"de\",\"@id\":\"https:\/\/impeco.com.pl\/de\/produkt\/wickeltisch-edelstahl-rostfrei\/#primaryimage\",\"url\":\"https:\/\/impeco.com.pl\/wp-content\/uploads\/2019\/09\/ff1944aa3e1d6412b723f0b5c66e7ea7-1.jpg\",\"contentUrl\":\"https:\/\/impeco.com.pl\/wp-content\/uploads\/2019\/09\/ff1944aa3e1d6412b723f0b5c66e7ea7-1.jpg\",\"width\":1000,\"height\":840},{\"@type\":\"BreadcrumbList\",\"@id\":\"https:\/\/impeco.com.pl\/de\/produkt\/wickeltisch-edelstahl-rostfrei\/#breadcrumb\",\"itemListElement\":[{\"@type\":\"ListItem\",\"position\":1,\"name\":\"Strona g\u0142\u00f3wna\",\"item\":\"https:\/\/impeco.com.pl\/de\/\"},{\"@type\":\"ListItem\",\"position\":2,\"name\":\"Sortiment\",\"item\":\"https:\/\/impeco.com.pl\/de\/sortiment\/\"},{\"@type\":\"ListItem\",\"position\":3,\"name\":\"Wickeltisch Edelstahl rostfrei\"}]},{\"@type\":\"WebSite\",\"@id\":\"https:\/\/impeco.com.pl\/#website\",\"url\":\"https:\/\/impeco.com.pl\/\",\"name\":\"Impeco Wroc\u0142aw\",\"description\":\"Oferujemy szeroki asortyment wyposa\u017cenia toalet publicznych\",\"potentialAction\":[{\"@type\":\"SearchAction\",\"target\":{\"@type\":\"EntryPoint\",\"urlTemplate\":\"https:\/\/impeco.com.pl\/?s={search_term_string}\"},\"query-input\":{\"@type\":\"PropertyValueSpecification\",\"valueRequired\":true,\"valueName\":\"search_term_string\"}}],\"inLanguage\":\"de\"}]}<\/script>\n<!-- \/ Yoast SEO plugin. -->","yoast_head_json":{"title":"Wickeltisch Edelstahl rostfrei | Impeco Wroc\u0142aw","robots":{"index":"index","follow":"follow","max-snippet":"max-snippet:-1","max-image-preview":"max-image-preview:large","max-video-preview":"max-video-preview:-1"},"canonical":"https:\/\/impeco.com.pl\/de\/produkt\/wickeltisch-edelstahl-rostfrei\/","og_locale":"de_DE","og_type":"article","og_title":"Wickeltisch Edelstahl rostfrei | Impeco Wroc\u0142aw","og_description":"Wickeltisch zur Wandmontage im Edelstahlgeh\u00e4use. Edelstahl 304 rostfrei, matt geb\u00fcrstet. Einfach zu reinigen, elegant und vandalierungssicher. Mit Sicherheitsgurt und 2 Taschen f\u00fcr Auflaget\u00fccher.","og_url":"https:\/\/impeco.com.pl\/de\/produkt\/wickeltisch-edelstahl-rostfrei\/","og_site_name":"Impeco Wroc\u0142aw","article_modified_time":"2023-04-13T14:51:59+00:00","og_image":[{"width":1000,"height":840,"url":"https:\/\/impeco.com.pl\/wp-content\/uploads\/2019\/09\/ff1944aa3e1d6412b723f0b5c66e7ea7-1.jpg","type":"image\/jpeg"}],"twitter_card":"summary_large_image","twitter_misc":{"Gesch\u00e4tzte Lesezeit":"1\u00a0Minute"},"schema":{"@context":"https:\/\/schema.org","@graph":[{"@type":"WebPage","@id":"https:\/\/impeco.com.pl\/de\/produkt\/wickeltisch-edelstahl-rostfrei\/","url":"https:\/\/impeco.com.pl\/de\/produkt\/wickeltisch-edelstahl-rostfrei\/","name":"Wickeltisch Edelstahl rostfrei | Impeco Wroc\u0142aw","isPartOf":{"@id":"https:\/\/impeco.com.pl\/#website"},"primaryImageOfPage":{"@id":"https:\/\/impeco.com.pl\/de\/produkt\/wickeltisch-edelstahl-rostfrei\/#primaryimage"},"image":{"@id":"https:\/\/impeco.com.pl\/de\/produkt\/wickeltisch-edelstahl-rostfrei\/#primaryimage"},"thumbnailUrl":"https:\/\/impeco.com.pl\/wp-content\/uploads\/2019\/09\/ff1944aa3e1d6412b723f0b5c66e7ea7-1.jpg","datePublished":"2019-09-20T19:23:50+00:00","dateModified":"2023-04-13T14:51:59+00:00","breadcrumb":{"@id":"https:\/\/impeco.com.pl\/de\/produkt\/wickeltisch-edelstahl-rostfrei\/#breadcrumb"},"inLanguage":"de","potentialAction":[{"@type":"ReadAction","target":["https:\/\/impeco.com.pl\/de\/produkt\/wickeltisch-edelstahl-rostfrei\/"]}]},{"@type":"ImageObject","inLanguage":"de","@id":"https:\/\/impeco.com.pl\/de\/produkt\/wickeltisch-edelstahl-rostfrei\/#primaryimage","url":"https:\/\/impeco.com.pl\/wp-content\/uploads\/2019\/09\/ff1944aa3e1d6412b723f0b5c66e7ea7-1.jpg","contentUrl":"https:\/\/impeco.com.pl\/wp-content\/uploads\/2019\/09\/ff1944aa3e1d6412b723f0b5c66e7ea7-1.jpg","width":1000,"height":840},{"@type":"BreadcrumbList","@id":"https:\/\/impeco.com.pl\/de\/produkt\/wickeltisch-edelstahl-rostfrei\/#breadcrumb","itemListElement":[{"@type":"ListItem","position":1,"name":"Strona g\u0142\u00f3wna","item":"https:\/\/impeco.com.pl\/de\/"},{"@type":"ListItem","position":2,"name":"Sortiment","item":"https:\/\/impeco.com.pl\/de\/sortiment\/"},{"@type":"ListItem","position":3,"name":"Wickeltisch Edelstahl rostfrei"}]},{"@type":"WebSite","@id":"https:\/\/impeco.com.pl\/#website","url":"https:\/\/impeco.com.pl\/","name":"Impeco Wroc\u0142aw","description":"Oferujemy szeroki asortyment wyposa\u017cenia toalet publicznych","potentialAction":[{"@type":"SearchAction","target":{"@type":"EntryPoint","urlTemplate":"https:\/\/impeco.com.pl\/?s={search_term_string}"},"query-input":{"@type":"PropertyValueSpecification","valueRequired":true,"valueName":"search_term_string"}}],"inLanguage":"de"}]}},"_links":{"self":[{"href":"https:\/\/impeco.com.pl\/de\/wp-json\/wp\/v2\/product\/1559","targetHints":{"allow":["GET"]}}],"collection":[{"href":"https:\/\/impeco.com.pl\/de\/wp-json\/wp\/v2\/product"}],"about":[{"href":"https:\/\/impeco.com.pl\/de\/wp-json\/wp\/v2\/types\/product"}],"wp:featuredmedia":[{"embeddable":true,"href":"https:\/\/impeco.com.pl\/de\/wp-json\/wp\/v2\/media\/1393"}],"wp:attachment":[{"href":"https:\/\/impeco.com.pl\/de\/wp-json\/wp\/v2\/media?parent=1559"}],"wp:term":[{"taxonomy":"product_brand","embeddable":true,"href":"https:\/\/impeco.com.pl\/de\/wp-json\/wp\/v2\/product_brand?post=1559"},{"taxonomy":"product_cat","embeddable":true,"href":"https:\/\/impeco.com.pl\/de\/wp-json\/wp\/v2\/product_cat?post=1559"},{"taxonomy":"product_tag","embeddable":true,"href":"https:\/\/impeco.com.pl\/de\/wp-json\/wp\/v2\/product_tag?post=1559"}],"curies":[{"name":"wp","href":"https:\/\/api.w.org\/{rel}","templated":true}]}}