{"id":1558,"date":"2019-09-20T21:30:09","date_gmt":"2019-09-20T19:30:09","guid":{"rendered":"http:\/\/impeco.com.pl\/produkt\/impeco-wickeltisch-horizontal\/"},"modified":"2024-02-21T15:18:55","modified_gmt":"2024-02-21T14:18:55","slug":"impeco-wickeltisch-horizontal","status":"publish","type":"product","link":"https:\/\/impeco.com.pl\/de\/produkt\/impeco-wickeltisch-horizontal\/","title":{"rendered":"Impeco Wickeltisch horizontal"},"content":{"rendered":"<p><strong>Artikel BABH99<\/strong><\/p>\n<table>\n<tbody>\n<tr>\n<td>Material<\/td>\n<td>Polyethylen HD<\/td>\n<\/tr>\n<tr>\n<td>Ma\u00dfe<\/td>\n<td>H: 516 mm, B: 870 mm, T: 110 mm<\/td>\n<\/tr>\n<tr>\n<td>Ma\u00dfe (ge\u00f6ffnet)<\/td>\n<td>H: 516 mm, B: 870 mm, T: 500 mm<\/td>\n<\/tr>\n<tr>\n<td>Gewicht<\/td>\n<td>11,0 kg<\/td>\n<\/tr>\n<tr>\n<td>Garantie<\/td>\n<td>5 Jahre<\/td>\n<\/tr>\n<tr>\n<td>Mit PZH Zertifizierung<\/td>\n<td><\/td>\n<\/tr>\n<\/tbody>\n<\/table>\n<p>&nbsp;<\/p>\n<p>Die Impeco Wickelstation ist ein unverzichtbarer Bestandteil der<br \/>\n\u00f6ffentlichen Toiletteneinrichtung. In den \u00f6ffentlichen Bereichen<br \/>\nist ein Platz f\u00fcr Mama und Papa, wo das Baby umgewickelt werden<br \/>\nkann, schon zum Standard geworden. Die von uns angebotenen<br \/>\nWickeltische f\u00fcr Kleinkinder werden an der Wand montiert. Im<br \/>\nhorizontalen Wickeltisch liegt das Kind beim Wickeln seitlich zu<br \/>\nIhnen. Abh\u00e4ngig vom Layout des Badezimmers kann dies bequemer<br \/>\nsein als ein vertikaler Wickeltisch, wenn die Platzverh\u00e4ltnisse<br \/>\ndeutlich beengt sind.<br \/>\nDie richtig profilierte Form des Wickeltisches erm\u00f6glicht eine sichere<br \/>\nund bequeme Unterbringung des Kindes, und der verstellbare<br \/>\nGurt sorgt f\u00fcr eine entspannte Sicherheit. Der Wickelplatz ist<br \/>\nausschlie\u00dflich f\u00fcr Babys bis 3,5 Jahre und mit einem Gewicht von<br \/>\nweniger als 23 kg bestimmt.<\/p>\n","protected":false},"excerpt":{"rendered":"<p>Wickelplatz nach den Anforderungen der A.D.A. (Geeignet f\u00fcr Menschen mit Behinderungen).<\/p>\n<p>Er erf\u00fcllt die notwendigen Sicherheitsanforderungen.<\/p>\n<p>Hergestellt in \u00dcbereinstimmung mit den RoHS-Standards (es werden keine sch\u00e4dlichen Elemente in der Produktion verwendet),<\/p>\n<p>CE-Kennzeichnung.<\/p>\n<p>Aus pflegeleichtem, widerstandsf\u00e4higem, bakterien- und pilzresistentem Polyethylen.<\/p>\n<p>Langlebige Edelstahlscharniere und pneumatische Mechanik sorgen f\u00fcr ein sanftes, sicheres Schlie\u00dfen und \u00d6ffnen.<\/p>\n<p>5 Jahre Garantie.<\/p>\n","protected":false},"featured_media":1390,"template":"","meta":[],"product_brand":[],"product_cat":[65],"product_tag":[],"class_list":{"0":"post-1558","1":"product","2":"type-product","3":"status-publish","4":"has-post-thumbnail","6":"product_cat-wickeltisch","7":"description-off","9":"first","10":"instock","11":"shipping-taxable","12":"product-type-simple"},"yoast_head":"<!-- This site is optimized with the Yoast SEO plugin v25.4 - https:\/\/yoast.com\/wordpress\/plugins\/seo\/ -->\n<title>Impeco Wickeltisch horizontal | Impeco Wroc\u0142aw<\/title>\n<meta name=\"robots\" content=\"index, follow, max-snippet:-1, max-image-preview:large, max-video-preview:-1\" \/>\n<link rel=\"canonical\" href=\"https:\/\/impeco.com.pl\/de\/produkt\/impeco-wickeltisch-horizontal\/\" \/>\n<meta property=\"og:locale\" content=\"de_DE\" \/>\n<meta property=\"og:type\" content=\"article\" \/>\n<meta property=\"og:title\" content=\"Impeco Wickeltisch horizontal | Impeco Wroc\u0142aw\" \/>\n<meta property=\"og:description\" content=\"Wickelplatz nach den Anforderungen der A.D.A. (Geeignet f\u00fcr Menschen mit Behinderungen).  Er erf\u00fcllt die notwendigen Sicherheitsanforderungen.  Hergestellt in \u00dcbereinstimmung mit den RoHS-Standards (es werden keine sch\u00e4dlichen Elemente in der Produktion verwendet),  CE-Kennzeichnung.  Aus pflegeleichtem, widerstandsf\u00e4higem, bakterien- und pilzresistentem Polyethylen.  Langlebige Edelstahlscharniere und pneumatische Mechanik sorgen f\u00fcr ein sanftes, sicheres Schlie\u00dfen und \u00d6ffnen.  5 Jahre Garantie.\" \/>\n<meta property=\"og:url\" content=\"https:\/\/impeco.com.pl\/de\/produkt\/impeco-wickeltisch-horizontal\/\" \/>\n<meta property=\"og:site_name\" content=\"Impeco Wroc\u0142aw\" \/>\n<meta property=\"article:modified_time\" content=\"2024-02-21T14:18:55+00:00\" \/>\n<meta property=\"og:image\" content=\"https:\/\/impeco.com.pl\/wp-content\/uploads\/2019\/09\/9c5f35ff17bd0b7408af4dbf381722c9.jpg\" \/>\n\t<meta property=\"og:image:width\" content=\"1000\" \/>\n\t<meta property=\"og:image:height\" content=\"840\" \/>\n\t<meta property=\"og:image:type\" content=\"image\/jpeg\" \/>\n<meta name=\"twitter:card\" content=\"summary_large_image\" \/>\n<meta name=\"twitter:label1\" content=\"Gesch\u00e4tzte Lesezeit\" \/>\n\t<meta name=\"twitter:data1\" content=\"1\u00a0Minute\" \/>\n<script type=\"application\/ld+json\" class=\"yoast-schema-graph\">{\"@context\":\"https:\/\/schema.org\",\"@graph\":[{\"@type\":\"WebPage\",\"@id\":\"https:\/\/impeco.com.pl\/de\/produkt\/impeco-wickeltisch-horizontal\/\",\"url\":\"https:\/\/impeco.com.pl\/de\/produkt\/impeco-wickeltisch-horizontal\/\",\"name\":\"Impeco Wickeltisch horizontal | Impeco Wroc\u0142aw\",\"isPartOf\":{\"@id\":\"https:\/\/impeco.com.pl\/#website\"},\"primaryImageOfPage\":{\"@id\":\"https:\/\/impeco.com.pl\/de\/produkt\/impeco-wickeltisch-horizontal\/#primaryimage\"},\"image\":{\"@id\":\"https:\/\/impeco.com.pl\/de\/produkt\/impeco-wickeltisch-horizontal\/#primaryimage\"},\"thumbnailUrl\":\"https:\/\/impeco.com.pl\/wp-content\/uploads\/2019\/09\/9c5f35ff17bd0b7408af4dbf381722c9.jpg\",\"datePublished\":\"2019-09-20T19:30:09+00:00\",\"dateModified\":\"2024-02-21T14:18:55+00:00\",\"breadcrumb\":{\"@id\":\"https:\/\/impeco.com.pl\/de\/produkt\/impeco-wickeltisch-horizontal\/#breadcrumb\"},\"inLanguage\":\"de\",\"potentialAction\":[{\"@type\":\"ReadAction\",\"target\":[\"https:\/\/impeco.com.pl\/de\/produkt\/impeco-wickeltisch-horizontal\/\"]}]},{\"@type\":\"ImageObject\",\"inLanguage\":\"de\",\"@id\":\"https:\/\/impeco.com.pl\/de\/produkt\/impeco-wickeltisch-horizontal\/#primaryimage\",\"url\":\"https:\/\/impeco.com.pl\/wp-content\/uploads\/2019\/09\/9c5f35ff17bd0b7408af4dbf381722c9.jpg\",\"contentUrl\":\"https:\/\/impeco.com.pl\/wp-content\/uploads\/2019\/09\/9c5f35ff17bd0b7408af4dbf381722c9.jpg\",\"width\":1000,\"height\":840},{\"@type\":\"BreadcrumbList\",\"@id\":\"https:\/\/impeco.com.pl\/de\/produkt\/impeco-wickeltisch-horizontal\/#breadcrumb\",\"itemListElement\":[{\"@type\":\"ListItem\",\"position\":1,\"name\":\"Strona g\u0142\u00f3wna\",\"item\":\"https:\/\/impeco.com.pl\/de\/\"},{\"@type\":\"ListItem\",\"position\":2,\"name\":\"Sortiment\",\"item\":\"https:\/\/impeco.com.pl\/de\/sortiment\/\"},{\"@type\":\"ListItem\",\"position\":3,\"name\":\"Impeco Wickeltisch horizontal\"}]},{\"@type\":\"WebSite\",\"@id\":\"https:\/\/impeco.com.pl\/#website\",\"url\":\"https:\/\/impeco.com.pl\/\",\"name\":\"Impeco Wroc\u0142aw\",\"description\":\"Oferujemy szeroki asortyment wyposa\u017cenia toalet publicznych\",\"potentialAction\":[{\"@type\":\"SearchAction\",\"target\":{\"@type\":\"EntryPoint\",\"urlTemplate\":\"https:\/\/impeco.com.pl\/?s={search_term_string}\"},\"query-input\":{\"@type\":\"PropertyValueSpecification\",\"valueRequired\":true,\"valueName\":\"search_term_string\"}}],\"inLanguage\":\"de\"}]}<\/script>\n<!-- \/ Yoast SEO plugin. -->","yoast_head_json":{"title":"Impeco Wickeltisch horizontal | Impeco Wroc\u0142aw","robots":{"index":"index","follow":"follow","max-snippet":"max-snippet:-1","max-image-preview":"max-image-preview:large","max-video-preview":"max-video-preview:-1"},"canonical":"https:\/\/impeco.com.pl\/de\/produkt\/impeco-wickeltisch-horizontal\/","og_locale":"de_DE","og_type":"article","og_title":"Impeco Wickeltisch horizontal | Impeco Wroc\u0142aw","og_description":"Wickelplatz nach den Anforderungen der A.D.A. (Geeignet f\u00fcr Menschen mit Behinderungen).  Er erf\u00fcllt die notwendigen Sicherheitsanforderungen.  Hergestellt in \u00dcbereinstimmung mit den RoHS-Standards (es werden keine sch\u00e4dlichen Elemente in der Produktion verwendet),  CE-Kennzeichnung.  Aus pflegeleichtem, widerstandsf\u00e4higem, bakterien- und pilzresistentem Polyethylen.  Langlebige Edelstahlscharniere und pneumatische Mechanik sorgen f\u00fcr ein sanftes, sicheres Schlie\u00dfen und \u00d6ffnen.  5 Jahre Garantie.","og_url":"https:\/\/impeco.com.pl\/de\/produkt\/impeco-wickeltisch-horizontal\/","og_site_name":"Impeco Wroc\u0142aw","article_modified_time":"2024-02-21T14:18:55+00:00","og_image":[{"width":1000,"height":840,"url":"https:\/\/impeco.com.pl\/wp-content\/uploads\/2019\/09\/9c5f35ff17bd0b7408af4dbf381722c9.jpg","type":"image\/jpeg"}],"twitter_card":"summary_large_image","twitter_misc":{"Gesch\u00e4tzte Lesezeit":"1\u00a0Minute"},"schema":{"@context":"https:\/\/schema.org","@graph":[{"@type":"WebPage","@id":"https:\/\/impeco.com.pl\/de\/produkt\/impeco-wickeltisch-horizontal\/","url":"https:\/\/impeco.com.pl\/de\/produkt\/impeco-wickeltisch-horizontal\/","name":"Impeco Wickeltisch horizontal | Impeco Wroc\u0142aw","isPartOf":{"@id":"https:\/\/impeco.com.pl\/#website"},"primaryImageOfPage":{"@id":"https:\/\/impeco.com.pl\/de\/produkt\/impeco-wickeltisch-horizontal\/#primaryimage"},"image":{"@id":"https:\/\/impeco.com.pl\/de\/produkt\/impeco-wickeltisch-horizontal\/#primaryimage"},"thumbnailUrl":"https:\/\/impeco.com.pl\/wp-content\/uploads\/2019\/09\/9c5f35ff17bd0b7408af4dbf381722c9.jpg","datePublished":"2019-09-20T19:30:09+00:00","dateModified":"2024-02-21T14:18:55+00:00","breadcrumb":{"@id":"https:\/\/impeco.com.pl\/de\/produkt\/impeco-wickeltisch-horizontal\/#breadcrumb"},"inLanguage":"de","potentialAction":[{"@type":"ReadAction","target":["https:\/\/impeco.com.pl\/de\/produkt\/impeco-wickeltisch-horizontal\/"]}]},{"@type":"ImageObject","inLanguage":"de","@id":"https:\/\/impeco.com.pl\/de\/produkt\/impeco-wickeltisch-horizontal\/#primaryimage","url":"https:\/\/impeco.com.pl\/wp-content\/uploads\/2019\/09\/9c5f35ff17bd0b7408af4dbf381722c9.jpg","contentUrl":"https:\/\/impeco.com.pl\/wp-content\/uploads\/2019\/09\/9c5f35ff17bd0b7408af4dbf381722c9.jpg","width":1000,"height":840},{"@type":"BreadcrumbList","@id":"https:\/\/impeco.com.pl\/de\/produkt\/impeco-wickeltisch-horizontal\/#breadcrumb","itemListElement":[{"@type":"ListItem","position":1,"name":"Strona g\u0142\u00f3wna","item":"https:\/\/impeco.com.pl\/de\/"},{"@type":"ListItem","position":2,"name":"Sortiment","item":"https:\/\/impeco.com.pl\/de\/sortiment\/"},{"@type":"ListItem","position":3,"name":"Impeco Wickeltisch horizontal"}]},{"@type":"WebSite","@id":"https:\/\/impeco.com.pl\/#website","url":"https:\/\/impeco.com.pl\/","name":"Impeco Wroc\u0142aw","description":"Oferujemy szeroki asortyment wyposa\u017cenia toalet publicznych","potentialAction":[{"@type":"SearchAction","target":{"@type":"EntryPoint","urlTemplate":"https:\/\/impeco.com.pl\/?s={search_term_string}"},"query-input":{"@type":"PropertyValueSpecification","valueRequired":true,"valueName":"search_term_string"}}],"inLanguage":"de"}]}},"_links":{"self":[{"href":"https:\/\/impeco.com.pl\/de\/wp-json\/wp\/v2\/product\/1558","targetHints":{"allow":["GET"]}}],"collection":[{"href":"https:\/\/impeco.com.pl\/de\/wp-json\/wp\/v2\/product"}],"about":[{"href":"https:\/\/impeco.com.pl\/de\/wp-json\/wp\/v2\/types\/product"}],"wp:featuredmedia":[{"embeddable":true,"href":"https:\/\/impeco.com.pl\/de\/wp-json\/wp\/v2\/media\/1390"}],"wp:attachment":[{"href":"https:\/\/impeco.com.pl\/de\/wp-json\/wp\/v2\/media?parent=1558"}],"wp:term":[{"taxonomy":"product_brand","embeddable":true,"href":"https:\/\/impeco.com.pl\/de\/wp-json\/wp\/v2\/product_brand?post=1558"},{"taxonomy":"product_cat","embeddable":true,"href":"https:\/\/impeco.com.pl\/de\/wp-json\/wp\/v2\/product_cat?post=1558"},{"taxonomy":"product_tag","embeddable":true,"href":"https:\/\/impeco.com.pl\/de\/wp-json\/wp\/v2\/product_tag?post=1558"}],"curies":[{"name":"wp","href":"https:\/\/api.w.org\/{rel}","templated":true}]}}