{"id":1536,"date":"2019-09-20T13:52:51","date_gmt":"2019-09-20T11:52:51","guid":{"rendered":"http:\/\/impeco.com.pl\/produkt\/flussigseifenspender-aus-stahl-10-liter-vertikal\/"},"modified":"2019-10-28T16:56:02","modified_gmt":"2019-10-28T15:56:02","slug":"flussigseifenspender-aus-stahl-10-liter-vertikal","status":"publish","type":"product","link":"https:\/\/impeco.com.pl\/de\/produkt\/flussigseifenspender-aus-stahl-10-liter-vertikal\/","title":{"rendered":"Fl\u00fcssigseifenspender aus Stahl 1,0 Liter, vertikal"},"content":{"rendered":"<p><strong>Artikel DISH5V<\/strong><\/p>\n<table>\n<tbody>\n<tr>\n<td>Geh\u00e4use<\/td>\n<td>Edelstahl 304, rostfrei<\/td>\n<\/tr>\n<tr>\n<td>Inhalt<\/td>\n<td>1,0 L Beh\u00e4lter nachf\u00fcllbar<\/td>\n<\/tr>\n<tr>\n<td>Ma\u00dfe<\/td>\n<td>H: 209 mm, B: 123 mm, T: 66 mm<\/td>\n<\/tr>\n<\/tbody>\n<\/table>\n","protected":false},"excerpt":{"rendered":"<p>Fl\u00fcssigseifenspender mit Sichtfenster aus Edelstahl 304. Verschliesbar.<\/p>\n","protected":false},"featured_media":1303,"template":"","meta":[],"product_brand":[],"product_cat":[59,87],"product_tag":[],"class_list":{"0":"post-1536","1":"product","2":"type-product","3":"status-publish","4":"has-post-thumbnail","6":"product_cat-seifenspender","7":"product_cat-seifenspender-edelstahl-rostfrei","8":"description-off","10":"first","11":"instock","12":"shipping-taxable","13":"product-type-simple"},"yoast_head":"<!-- This site is optimized with the Yoast SEO plugin v25.4 - https:\/\/yoast.com\/wordpress\/plugins\/seo\/ -->\n<title>Fl\u00fcssigseifenspender aus Stahl 1,0 Liter, vertikal | Impeco Wroc\u0142aw<\/title>\n<meta name=\"robots\" content=\"index, follow, max-snippet:-1, max-image-preview:large, max-video-preview:-1\" \/>\n<link rel=\"canonical\" href=\"https:\/\/impeco.com.pl\/de\/produkt\/flussigseifenspender-aus-stahl-10-liter-vertikal\/\" \/>\n<meta property=\"og:locale\" content=\"de_DE\" \/>\n<meta property=\"og:type\" content=\"article\" \/>\n<meta property=\"og:title\" content=\"Fl\u00fcssigseifenspender aus Stahl 1,0 Liter, vertikal | Impeco Wroc\u0142aw\" \/>\n<meta property=\"og:description\" content=\"Fl\u00fcssigseifenspender mit Sichtfenster aus Edelstahl 304. Verschliesbar.\" \/>\n<meta property=\"og:url\" content=\"https:\/\/impeco.com.pl\/de\/produkt\/flussigseifenspender-aus-stahl-10-liter-vertikal\/\" \/>\n<meta property=\"og:site_name\" content=\"Impeco Wroc\u0142aw\" \/>\n<meta property=\"article:modified_time\" content=\"2019-10-28T15:56:02+00:00\" \/>\n<meta property=\"og:image\" content=\"https:\/\/impeco.com.pl\/wp-content\/uploads\/2019\/09\/2016-08-01-Impeco1-165-1.jpg\" \/>\n\t<meta property=\"og:image:width\" content=\"1000\" \/>\n\t<meta property=\"og:image:height\" content=\"840\" \/>\n\t<meta property=\"og:image:type\" content=\"image\/jpeg\" \/>\n<meta name=\"twitter:card\" content=\"summary_large_image\" \/>\n<script type=\"application\/ld+json\" class=\"yoast-schema-graph\">{\"@context\":\"https:\/\/schema.org\",\"@graph\":[{\"@type\":\"WebPage\",\"@id\":\"https:\/\/impeco.com.pl\/de\/produkt\/flussigseifenspender-aus-stahl-10-liter-vertikal\/\",\"url\":\"https:\/\/impeco.com.pl\/de\/produkt\/flussigseifenspender-aus-stahl-10-liter-vertikal\/\",\"name\":\"Fl\u00fcssigseifenspender aus Stahl 1,0 Liter, vertikal | Impeco Wroc\u0142aw\",\"isPartOf\":{\"@id\":\"https:\/\/impeco.com.pl\/#website\"},\"primaryImageOfPage\":{\"@id\":\"https:\/\/impeco.com.pl\/de\/produkt\/flussigseifenspender-aus-stahl-10-liter-vertikal\/#primaryimage\"},\"image\":{\"@id\":\"https:\/\/impeco.com.pl\/de\/produkt\/flussigseifenspender-aus-stahl-10-liter-vertikal\/#primaryimage\"},\"thumbnailUrl\":\"https:\/\/impeco.com.pl\/wp-content\/uploads\/2019\/09\/2016-08-01-Impeco1-165-1.jpg\",\"datePublished\":\"2019-09-20T11:52:51+00:00\",\"dateModified\":\"2019-10-28T15:56:02+00:00\",\"breadcrumb\":{\"@id\":\"https:\/\/impeco.com.pl\/de\/produkt\/flussigseifenspender-aus-stahl-10-liter-vertikal\/#breadcrumb\"},\"inLanguage\":\"de\",\"potentialAction\":[{\"@type\":\"ReadAction\",\"target\":[\"https:\/\/impeco.com.pl\/de\/produkt\/flussigseifenspender-aus-stahl-10-liter-vertikal\/\"]}]},{\"@type\":\"ImageObject\",\"inLanguage\":\"de\",\"@id\":\"https:\/\/impeco.com.pl\/de\/produkt\/flussigseifenspender-aus-stahl-10-liter-vertikal\/#primaryimage\",\"url\":\"https:\/\/impeco.com.pl\/wp-content\/uploads\/2019\/09\/2016-08-01-Impeco1-165-1.jpg\",\"contentUrl\":\"https:\/\/impeco.com.pl\/wp-content\/uploads\/2019\/09\/2016-08-01-Impeco1-165-1.jpg\",\"width\":1000,\"height\":840},{\"@type\":\"BreadcrumbList\",\"@id\":\"https:\/\/impeco.com.pl\/de\/produkt\/flussigseifenspender-aus-stahl-10-liter-vertikal\/#breadcrumb\",\"itemListElement\":[{\"@type\":\"ListItem\",\"position\":1,\"name\":\"Strona g\u0142\u00f3wna\",\"item\":\"https:\/\/impeco.com.pl\/de\/\"},{\"@type\":\"ListItem\",\"position\":2,\"name\":\"Sortiment\",\"item\":\"https:\/\/impeco.com.pl\/de\/sortiment\/\"},{\"@type\":\"ListItem\",\"position\":3,\"name\":\"Fl\u00fcssigseifenspender aus Stahl 1,0 Liter, vertikal\"}]},{\"@type\":\"WebSite\",\"@id\":\"https:\/\/impeco.com.pl\/#website\",\"url\":\"https:\/\/impeco.com.pl\/\",\"name\":\"Impeco Wroc\u0142aw\",\"description\":\"Oferujemy szeroki asortyment wyposa\u017cenia toalet publicznych\",\"potentialAction\":[{\"@type\":\"SearchAction\",\"target\":{\"@type\":\"EntryPoint\",\"urlTemplate\":\"https:\/\/impeco.com.pl\/?s={search_term_string}\"},\"query-input\":{\"@type\":\"PropertyValueSpecification\",\"valueRequired\":true,\"valueName\":\"search_term_string\"}}],\"inLanguage\":\"de\"}]}<\/script>\n<!-- \/ Yoast SEO plugin. -->","yoast_head_json":{"title":"Fl\u00fcssigseifenspender aus Stahl 1,0 Liter, vertikal | Impeco Wroc\u0142aw","robots":{"index":"index","follow":"follow","max-snippet":"max-snippet:-1","max-image-preview":"max-image-preview:large","max-video-preview":"max-video-preview:-1"},"canonical":"https:\/\/impeco.com.pl\/de\/produkt\/flussigseifenspender-aus-stahl-10-liter-vertikal\/","og_locale":"de_DE","og_type":"article","og_title":"Fl\u00fcssigseifenspender aus Stahl 1,0 Liter, vertikal | Impeco Wroc\u0142aw","og_description":"Fl\u00fcssigseifenspender mit Sichtfenster aus Edelstahl 304. Verschliesbar.","og_url":"https:\/\/impeco.com.pl\/de\/produkt\/flussigseifenspender-aus-stahl-10-liter-vertikal\/","og_site_name":"Impeco Wroc\u0142aw","article_modified_time":"2019-10-28T15:56:02+00:00","og_image":[{"width":1000,"height":840,"url":"https:\/\/impeco.com.pl\/wp-content\/uploads\/2019\/09\/2016-08-01-Impeco1-165-1.jpg","type":"image\/jpeg"}],"twitter_card":"summary_large_image","schema":{"@context":"https:\/\/schema.org","@graph":[{"@type":"WebPage","@id":"https:\/\/impeco.com.pl\/de\/produkt\/flussigseifenspender-aus-stahl-10-liter-vertikal\/","url":"https:\/\/impeco.com.pl\/de\/produkt\/flussigseifenspender-aus-stahl-10-liter-vertikal\/","name":"Fl\u00fcssigseifenspender aus Stahl 1,0 Liter, vertikal | Impeco Wroc\u0142aw","isPartOf":{"@id":"https:\/\/impeco.com.pl\/#website"},"primaryImageOfPage":{"@id":"https:\/\/impeco.com.pl\/de\/produkt\/flussigseifenspender-aus-stahl-10-liter-vertikal\/#primaryimage"},"image":{"@id":"https:\/\/impeco.com.pl\/de\/produkt\/flussigseifenspender-aus-stahl-10-liter-vertikal\/#primaryimage"},"thumbnailUrl":"https:\/\/impeco.com.pl\/wp-content\/uploads\/2019\/09\/2016-08-01-Impeco1-165-1.jpg","datePublished":"2019-09-20T11:52:51+00:00","dateModified":"2019-10-28T15:56:02+00:00","breadcrumb":{"@id":"https:\/\/impeco.com.pl\/de\/produkt\/flussigseifenspender-aus-stahl-10-liter-vertikal\/#breadcrumb"},"inLanguage":"de","potentialAction":[{"@type":"ReadAction","target":["https:\/\/impeco.com.pl\/de\/produkt\/flussigseifenspender-aus-stahl-10-liter-vertikal\/"]}]},{"@type":"ImageObject","inLanguage":"de","@id":"https:\/\/impeco.com.pl\/de\/produkt\/flussigseifenspender-aus-stahl-10-liter-vertikal\/#primaryimage","url":"https:\/\/impeco.com.pl\/wp-content\/uploads\/2019\/09\/2016-08-01-Impeco1-165-1.jpg","contentUrl":"https:\/\/impeco.com.pl\/wp-content\/uploads\/2019\/09\/2016-08-01-Impeco1-165-1.jpg","width":1000,"height":840},{"@type":"BreadcrumbList","@id":"https:\/\/impeco.com.pl\/de\/produkt\/flussigseifenspender-aus-stahl-10-liter-vertikal\/#breadcrumb","itemListElement":[{"@type":"ListItem","position":1,"name":"Strona g\u0142\u00f3wna","item":"https:\/\/impeco.com.pl\/de\/"},{"@type":"ListItem","position":2,"name":"Sortiment","item":"https:\/\/impeco.com.pl\/de\/sortiment\/"},{"@type":"ListItem","position":3,"name":"Fl\u00fcssigseifenspender aus Stahl 1,0 Liter, vertikal"}]},{"@type":"WebSite","@id":"https:\/\/impeco.com.pl\/#website","url":"https:\/\/impeco.com.pl\/","name":"Impeco Wroc\u0142aw","description":"Oferujemy szeroki asortyment wyposa\u017cenia toalet publicznych","potentialAction":[{"@type":"SearchAction","target":{"@type":"EntryPoint","urlTemplate":"https:\/\/impeco.com.pl\/?s={search_term_string}"},"query-input":{"@type":"PropertyValueSpecification","valueRequired":true,"valueName":"search_term_string"}}],"inLanguage":"de"}]}},"_links":{"self":[{"href":"https:\/\/impeco.com.pl\/de\/wp-json\/wp\/v2\/product\/1536","targetHints":{"allow":["GET"]}}],"collection":[{"href":"https:\/\/impeco.com.pl\/de\/wp-json\/wp\/v2\/product"}],"about":[{"href":"https:\/\/impeco.com.pl\/de\/wp-json\/wp\/v2\/types\/product"}],"wp:featuredmedia":[{"embeddable":true,"href":"https:\/\/impeco.com.pl\/de\/wp-json\/wp\/v2\/media\/1303"}],"wp:attachment":[{"href":"https:\/\/impeco.com.pl\/de\/wp-json\/wp\/v2\/media?parent=1536"}],"wp:term":[{"taxonomy":"product_brand","embeddable":true,"href":"https:\/\/impeco.com.pl\/de\/wp-json\/wp\/v2\/product_brand?post=1536"},{"taxonomy":"product_cat","embeddable":true,"href":"https:\/\/impeco.com.pl\/de\/wp-json\/wp\/v2\/product_cat?post=1536"},{"taxonomy":"product_tag","embeddable":true,"href":"https:\/\/impeco.com.pl\/de\/wp-json\/wp\/v2\/product_tag?post=1536"}],"curies":[{"name":"wp","href":"https:\/\/api.w.org\/{rel}","templated":true}]}}