{"id":1524,"date":"2019-09-20T14:52:34","date_gmt":"2019-09-20T12:52:34","guid":{"rendered":"http:\/\/impeco.com.pl\/produkt\/seifenspender-prestige-beruhrungslos\/"},"modified":"2019-11-22T11:21:41","modified_gmt":"2019-11-22T10:21:41","slug":"seifenspender-prestige-beruhrungslos","status":"publish","type":"product","link":"https:\/\/impeco.com.pl\/de\/produkt\/seifenspender-prestige-beruhrungslos\/","title":{"rendered":"Seifenspender PRESTIGE H701, ber\u00fchrungslos"},"content":{"rendered":"<p><strong>Artikel H701<\/strong><\/p>\n<table>\n<tbody>\n<tr>\n<td>Geh\u00e4use<\/td>\n<td>Verchrommt, gl\u00e4nzend<\/td>\n<\/tr>\n<tr>\n<td>Inhalt<\/td>\n<td>1,0 L Beh\u00e4lter nachf\u00fcllbar<\/td>\n<\/tr>\n<tr>\n<td>Max. Bodenst\u00e4rke<\/td>\n<td>40 mm<\/td>\n<\/tr>\n<tr>\n<td>Montageloch<\/td>\n<td>35-40 mm<\/td>\n<\/tr>\n<tr>\n<td>Dosierung<\/td>\n<td>0,5 &#8211; 2,5 ml pro Schu\u00df, regulierbar<\/td>\n<\/tr>\n<tr>\n<td>Energieverbrauch (Standby)<\/td>\n<td>0,4 W<\/td>\n<\/tr>\n<tr>\n<td>Enrgieverbrauch<\/td>\n<td>1,2 W<\/td>\n<\/tr>\n<tr>\n<td>Ma\u00dfe<\/td>\n<td>H: 125 mm, B: 90 mm, T: 45 mm (ohne Seifenbeh\u00e4lter)<\/td>\n<\/tr>\n<\/tbody>\n<\/table>\n","protected":false},"excerpt":{"rendered":"<p>Automatischer Fl\u00fcssigseifenspender, stehend. K\u00fcrzere Version des Spenders H702 mit Fotozellenbedienung, ber\u00fchrungslos, ideal f\u00fcr Orte, an denen Hygiene im Vordergrund steht. Der Spender ist einfach zu installieren, hat ein Fassungsverm\u00f6gen von 1000 ml, Kabel mit Stecker, Netzteil und Montageset.<\/p>\n","protected":false},"featured_media":1022,"template":"","meta":[],"product_brand":[],"product_cat":[87],"product_tag":[],"class_list":{"0":"post-1524","1":"product","2":"type-product","3":"status-publish","4":"has-post-thumbnail","6":"product_cat-seifenspender-edelstahl-rostfrei","7":"description-off","9":"first","10":"instock","11":"shipping-taxable","12":"product-type-simple"},"yoast_head":"<!-- This site is optimized with the Yoast SEO plugin v25.4 - https:\/\/yoast.com\/wordpress\/plugins\/seo\/ -->\n<title>Seifenspender PRESTIGE H701, ber\u00fchrungslos | Impeco Wroc\u0142aw<\/title>\n<meta name=\"robots\" content=\"index, follow, max-snippet:-1, max-image-preview:large, max-video-preview:-1\" \/>\n<link rel=\"canonical\" href=\"https:\/\/impeco.com.pl\/de\/produkt\/seifenspender-prestige-beruhrungslos\/\" \/>\n<meta property=\"og:locale\" content=\"de_DE\" \/>\n<meta property=\"og:type\" content=\"article\" \/>\n<meta property=\"og:title\" content=\"Seifenspender PRESTIGE H701, ber\u00fchrungslos | Impeco Wroc\u0142aw\" \/>\n<meta property=\"og:description\" content=\"Automatischer Fl\u00fcssigseifenspender, stehend. K\u00fcrzere Version des Spenders H702 mit Fotozellenbedienung, ber\u00fchrungslos, ideal f\u00fcr Orte, an denen Hygiene im Vordergrund steht. Der Spender ist einfach zu installieren, hat ein Fassungsverm\u00f6gen von 1000 ml, Kabel mit Stecker, Netzteil und Montageset.\" \/>\n<meta property=\"og:url\" content=\"https:\/\/impeco.com.pl\/de\/produkt\/seifenspender-prestige-beruhrungslos\/\" \/>\n<meta property=\"og:site_name\" content=\"Impeco Wroc\u0142aw\" \/>\n<meta property=\"article:modified_time\" content=\"2019-11-22T10:21:41+00:00\" \/>\n<meta property=\"og:image\" content=\"https:\/\/impeco.com.pl\/wp-content\/uploads\/2019\/09\/dfe9a6407d4e270ca5b250235012c51d.jpg\" \/>\n\t<meta property=\"og:image:width\" content=\"800\" \/>\n\t<meta property=\"og:image:height\" content=\"800\" \/>\n\t<meta property=\"og:image:type\" content=\"image\/jpeg\" \/>\n<meta name=\"twitter:card\" content=\"summary_large_image\" \/>\n<script type=\"application\/ld+json\" class=\"yoast-schema-graph\">{\"@context\":\"https:\/\/schema.org\",\"@graph\":[{\"@type\":\"WebPage\",\"@id\":\"https:\/\/impeco.com.pl\/de\/produkt\/seifenspender-prestige-beruhrungslos\/\",\"url\":\"https:\/\/impeco.com.pl\/de\/produkt\/seifenspender-prestige-beruhrungslos\/\",\"name\":\"Seifenspender PRESTIGE H701, ber\u00fchrungslos | Impeco Wroc\u0142aw\",\"isPartOf\":{\"@id\":\"https:\/\/impeco.com.pl\/#website\"},\"primaryImageOfPage\":{\"@id\":\"https:\/\/impeco.com.pl\/de\/produkt\/seifenspender-prestige-beruhrungslos\/#primaryimage\"},\"image\":{\"@id\":\"https:\/\/impeco.com.pl\/de\/produkt\/seifenspender-prestige-beruhrungslos\/#primaryimage\"},\"thumbnailUrl\":\"https:\/\/impeco.com.pl\/wp-content\/uploads\/2019\/09\/dfe9a6407d4e270ca5b250235012c51d.jpg\",\"datePublished\":\"2019-09-20T12:52:34+00:00\",\"dateModified\":\"2019-11-22T10:21:41+00:00\",\"breadcrumb\":{\"@id\":\"https:\/\/impeco.com.pl\/de\/produkt\/seifenspender-prestige-beruhrungslos\/#breadcrumb\"},\"inLanguage\":\"de\",\"potentialAction\":[{\"@type\":\"ReadAction\",\"target\":[\"https:\/\/impeco.com.pl\/de\/produkt\/seifenspender-prestige-beruhrungslos\/\"]}]},{\"@type\":\"ImageObject\",\"inLanguage\":\"de\",\"@id\":\"https:\/\/impeco.com.pl\/de\/produkt\/seifenspender-prestige-beruhrungslos\/#primaryimage\",\"url\":\"https:\/\/impeco.com.pl\/wp-content\/uploads\/2019\/09\/dfe9a6407d4e270ca5b250235012c51d.jpg\",\"contentUrl\":\"https:\/\/impeco.com.pl\/wp-content\/uploads\/2019\/09\/dfe9a6407d4e270ca5b250235012c51d.jpg\",\"width\":800,\"height\":800},{\"@type\":\"BreadcrumbList\",\"@id\":\"https:\/\/impeco.com.pl\/de\/produkt\/seifenspender-prestige-beruhrungslos\/#breadcrumb\",\"itemListElement\":[{\"@type\":\"ListItem\",\"position\":1,\"name\":\"Strona g\u0142\u00f3wna\",\"item\":\"https:\/\/impeco.com.pl\/de\/\"},{\"@type\":\"ListItem\",\"position\":2,\"name\":\"Sortiment\",\"item\":\"https:\/\/impeco.com.pl\/de\/sortiment\/\"},{\"@type\":\"ListItem\",\"position\":3,\"name\":\"Seifenspender PRESTIGE H701, ber\u00fchrungslos\"}]},{\"@type\":\"WebSite\",\"@id\":\"https:\/\/impeco.com.pl\/#website\",\"url\":\"https:\/\/impeco.com.pl\/\",\"name\":\"Impeco Wroc\u0142aw\",\"description\":\"Oferujemy szeroki asortyment wyposa\u017cenia toalet publicznych\",\"potentialAction\":[{\"@type\":\"SearchAction\",\"target\":{\"@type\":\"EntryPoint\",\"urlTemplate\":\"https:\/\/impeco.com.pl\/?s={search_term_string}\"},\"query-input\":{\"@type\":\"PropertyValueSpecification\",\"valueRequired\":true,\"valueName\":\"search_term_string\"}}],\"inLanguage\":\"de\"}]}<\/script>\n<!-- \/ Yoast SEO plugin. -->","yoast_head_json":{"title":"Seifenspender PRESTIGE H701, ber\u00fchrungslos | Impeco Wroc\u0142aw","robots":{"index":"index","follow":"follow","max-snippet":"max-snippet:-1","max-image-preview":"max-image-preview:large","max-video-preview":"max-video-preview:-1"},"canonical":"https:\/\/impeco.com.pl\/de\/produkt\/seifenspender-prestige-beruhrungslos\/","og_locale":"de_DE","og_type":"article","og_title":"Seifenspender PRESTIGE H701, ber\u00fchrungslos | Impeco Wroc\u0142aw","og_description":"Automatischer Fl\u00fcssigseifenspender, stehend. K\u00fcrzere Version des Spenders H702 mit Fotozellenbedienung, ber\u00fchrungslos, ideal f\u00fcr Orte, an denen Hygiene im Vordergrund steht. Der Spender ist einfach zu installieren, hat ein Fassungsverm\u00f6gen von 1000 ml, Kabel mit Stecker, Netzteil und Montageset.","og_url":"https:\/\/impeco.com.pl\/de\/produkt\/seifenspender-prestige-beruhrungslos\/","og_site_name":"Impeco Wroc\u0142aw","article_modified_time":"2019-11-22T10:21:41+00:00","og_image":[{"width":800,"height":800,"url":"https:\/\/impeco.com.pl\/wp-content\/uploads\/2019\/09\/dfe9a6407d4e270ca5b250235012c51d.jpg","type":"image\/jpeg"}],"twitter_card":"summary_large_image","schema":{"@context":"https:\/\/schema.org","@graph":[{"@type":"WebPage","@id":"https:\/\/impeco.com.pl\/de\/produkt\/seifenspender-prestige-beruhrungslos\/","url":"https:\/\/impeco.com.pl\/de\/produkt\/seifenspender-prestige-beruhrungslos\/","name":"Seifenspender PRESTIGE H701, ber\u00fchrungslos | Impeco Wroc\u0142aw","isPartOf":{"@id":"https:\/\/impeco.com.pl\/#website"},"primaryImageOfPage":{"@id":"https:\/\/impeco.com.pl\/de\/produkt\/seifenspender-prestige-beruhrungslos\/#primaryimage"},"image":{"@id":"https:\/\/impeco.com.pl\/de\/produkt\/seifenspender-prestige-beruhrungslos\/#primaryimage"},"thumbnailUrl":"https:\/\/impeco.com.pl\/wp-content\/uploads\/2019\/09\/dfe9a6407d4e270ca5b250235012c51d.jpg","datePublished":"2019-09-20T12:52:34+00:00","dateModified":"2019-11-22T10:21:41+00:00","breadcrumb":{"@id":"https:\/\/impeco.com.pl\/de\/produkt\/seifenspender-prestige-beruhrungslos\/#breadcrumb"},"inLanguage":"de","potentialAction":[{"@type":"ReadAction","target":["https:\/\/impeco.com.pl\/de\/produkt\/seifenspender-prestige-beruhrungslos\/"]}]},{"@type":"ImageObject","inLanguage":"de","@id":"https:\/\/impeco.com.pl\/de\/produkt\/seifenspender-prestige-beruhrungslos\/#primaryimage","url":"https:\/\/impeco.com.pl\/wp-content\/uploads\/2019\/09\/dfe9a6407d4e270ca5b250235012c51d.jpg","contentUrl":"https:\/\/impeco.com.pl\/wp-content\/uploads\/2019\/09\/dfe9a6407d4e270ca5b250235012c51d.jpg","width":800,"height":800},{"@type":"BreadcrumbList","@id":"https:\/\/impeco.com.pl\/de\/produkt\/seifenspender-prestige-beruhrungslos\/#breadcrumb","itemListElement":[{"@type":"ListItem","position":1,"name":"Strona g\u0142\u00f3wna","item":"https:\/\/impeco.com.pl\/de\/"},{"@type":"ListItem","position":2,"name":"Sortiment","item":"https:\/\/impeco.com.pl\/de\/sortiment\/"},{"@type":"ListItem","position":3,"name":"Seifenspender PRESTIGE H701, ber\u00fchrungslos"}]},{"@type":"WebSite","@id":"https:\/\/impeco.com.pl\/#website","url":"https:\/\/impeco.com.pl\/","name":"Impeco Wroc\u0142aw","description":"Oferujemy szeroki asortyment wyposa\u017cenia toalet publicznych","potentialAction":[{"@type":"SearchAction","target":{"@type":"EntryPoint","urlTemplate":"https:\/\/impeco.com.pl\/?s={search_term_string}"},"query-input":{"@type":"PropertyValueSpecification","valueRequired":true,"valueName":"search_term_string"}}],"inLanguage":"de"}]}},"_links":{"self":[{"href":"https:\/\/impeco.com.pl\/de\/wp-json\/wp\/v2\/product\/1524","targetHints":{"allow":["GET"]}}],"collection":[{"href":"https:\/\/impeco.com.pl\/de\/wp-json\/wp\/v2\/product"}],"about":[{"href":"https:\/\/impeco.com.pl\/de\/wp-json\/wp\/v2\/types\/product"}],"wp:featuredmedia":[{"embeddable":true,"href":"https:\/\/impeco.com.pl\/de\/wp-json\/wp\/v2\/media\/1022"}],"wp:attachment":[{"href":"https:\/\/impeco.com.pl\/de\/wp-json\/wp\/v2\/media?parent=1524"}],"wp:term":[{"taxonomy":"product_brand","embeddable":true,"href":"https:\/\/impeco.com.pl\/de\/wp-json\/wp\/v2\/product_brand?post=1524"},{"taxonomy":"product_cat","embeddable":true,"href":"https:\/\/impeco.com.pl\/de\/wp-json\/wp\/v2\/product_cat?post=1524"},{"taxonomy":"product_tag","embeddable":true,"href":"https:\/\/impeco.com.pl\/de\/wp-json\/wp\/v2\/product_tag?post=1524"}],"curies":[{"name":"wp","href":"https:\/\/api.w.org\/{rel}","templated":true}]}}