{"id":1522,"date":"2019-09-17T11:56:24","date_gmt":"2019-09-17T09:56:24","guid":{"rendered":"http:\/\/impeco.com.pl\/produkt\/sensorgesteuerter-handetrockner-26\/"},"modified":"2019-11-22T11:23:15","modified_gmt":"2019-11-22T10:23:15","slug":"sensorgesteuerter-handetrockner-26","status":"publish","type":"product","link":"https:\/\/impeco.com.pl\/de\/produkt\/sensorgesteuerter-handetrockner-26\/","title":{"rendered":"Sensorgesteuerter H\u00e4ndetrockner Jet Steel"},"content":{"rendered":"<p><strong>Artikel HD1EFK<\/strong><\/p>\n<table>\n<tbody>\n<tr>\n<td>Geh\u00e4use<\/td>\n<td>Edelstahl 304, matt geb\u00fcrstet<\/td>\n<\/tr>\n<tr>\n<td>Ein\/Aus<\/td>\n<td>Automatisch, sensorgesteuert<\/td>\n<\/tr>\n<tr>\n<td>Leistung<\/td>\n<td>1650 W<\/td>\n<\/tr>\n<tr>\n<td>Spannung<\/td>\n<td>220-240 V, 50-60 Hz<\/td>\n<\/tr>\n<tr>\n<td>Luftgeschwindigkeit<\/td>\n<td>90 m\/s<\/td>\n<\/tr>\n<tr>\n<td>Lautst\u00e4rke<\/td>\n<td>70 dB<\/td>\n<\/tr>\n<tr>\n<td>Trocknungszeit<\/td>\n<td>7 Sek.<\/td>\n<\/tr>\n<tr>\n<td>Schutzklasse<\/td>\n<td>IPX4<\/td>\n<\/tr>\n<tr>\n<td>Lufttemperatur<\/td>\n<td>&gt; 40\u00b0C<\/td>\n<\/tr>\n<tr>\n<td>Ma\u00dfe<\/td>\n<td>H: 730 mm, B: 300 mm, T: 220 mm<\/td>\n<\/tr>\n<tr>\n<td>Gewicht<\/td>\n<td>13,5 kg<\/td>\n<\/tr>\n<tr>\n<td>Garantie<\/td>\n<td>36 Monate<\/td>\n<\/tr>\n<tr>\n<td>Wandmontage<\/td>\n<td>Ja<\/td>\n<\/tr>\n<\/tbody>\n<\/table>\n","protected":false},"excerpt":{"rendered":"<p>Taschentrockner im Edelstahlgeh\u00e4use. Zuverl\u00e4ssiges, bew\u00e4hrtes Modell im Programm. Modernes, stilvolles Design, hohe Verarbeitungsqualit\u00e4t und zuverl\u00e4ssiger b\u00fcrstenloser Motor machen ihn zu einem der besten Modelle unter den Taschentrocknern auf dem Markt. Das Geh\u00e4use besteht aus hochwertigem ABS-Kunststoff und mattiertem Edelstahl. Das Ganze ist verformungs-, sto\u00df- und kratzfest.<\/p>\n","protected":false},"featured_media":870,"template":"","meta":[],"product_brand":[],"product_cat":[66,86],"product_tag":[],"class_list":{"0":"post-1522","1":"product","2":"type-product","3":"status-publish","4":"has-post-thumbnail","6":"product_cat-haendetrockner","7":"product_cat-haendetrockner-impeco-jet","8":"description-off","10":"first","11":"instock","12":"shipping-taxable","13":"product-type-simple"},"yoast_head":"<!-- This site is optimized with the Yoast SEO plugin v25.4 - https:\/\/yoast.com\/wordpress\/plugins\/seo\/ -->\n<title>Sensorgesteuerter H\u00e4ndetrockner Jet Steel | Impeco Wroc\u0142aw<\/title>\n<meta name=\"robots\" content=\"index, follow, max-snippet:-1, max-image-preview:large, max-video-preview:-1\" \/>\n<link rel=\"canonical\" href=\"https:\/\/impeco.com.pl\/de\/produkt\/sensorgesteuerter-handetrockner-26\/\" \/>\n<meta property=\"og:locale\" content=\"de_DE\" \/>\n<meta property=\"og:type\" content=\"article\" \/>\n<meta property=\"og:title\" content=\"Sensorgesteuerter H\u00e4ndetrockner Jet Steel | Impeco Wroc\u0142aw\" \/>\n<meta property=\"og:description\" content=\"Taschentrockner im Edelstahlgeh\u00e4use. Zuverl\u00e4ssiges, bew\u00e4hrtes Modell im Programm. Modernes, stilvolles Design, hohe Verarbeitungsqualit\u00e4t und zuverl\u00e4ssiger b\u00fcrstenloser Motor machen ihn zu einem der besten Modelle unter den Taschentrocknern auf dem Markt. Das Geh\u00e4use besteht aus hochwertigem ABS-Kunststoff und mattiertem Edelstahl. Das Ganze ist verformungs-, sto\u00df- und kratzfest.\" \/>\n<meta property=\"og:url\" content=\"https:\/\/impeco.com.pl\/de\/produkt\/sensorgesteuerter-handetrockner-26\/\" \/>\n<meta property=\"og:site_name\" content=\"Impeco Wroc\u0142aw\" \/>\n<meta property=\"article:modified_time\" content=\"2019-11-22T10:23:15+00:00\" \/>\n<meta property=\"og:image\" content=\"https:\/\/impeco.com.pl\/wp-content\/uploads\/2019\/09\/2017-08-04-Impeco-033-1.jpg\" \/>\n\t<meta property=\"og:image:width\" content=\"1000\" \/>\n\t<meta property=\"og:image:height\" content=\"840\" \/>\n\t<meta property=\"og:image:type\" content=\"image\/jpeg\" \/>\n<meta name=\"twitter:card\" content=\"summary_large_image\" \/>\n<script type=\"application\/ld+json\" class=\"yoast-schema-graph\">{\"@context\":\"https:\/\/schema.org\",\"@graph\":[{\"@type\":\"WebPage\",\"@id\":\"https:\/\/impeco.com.pl\/de\/produkt\/sensorgesteuerter-handetrockner-26\/\",\"url\":\"https:\/\/impeco.com.pl\/de\/produkt\/sensorgesteuerter-handetrockner-26\/\",\"name\":\"Sensorgesteuerter H\u00e4ndetrockner Jet Steel | Impeco Wroc\u0142aw\",\"isPartOf\":{\"@id\":\"https:\/\/impeco.com.pl\/#website\"},\"primaryImageOfPage\":{\"@id\":\"https:\/\/impeco.com.pl\/de\/produkt\/sensorgesteuerter-handetrockner-26\/#primaryimage\"},\"image\":{\"@id\":\"https:\/\/impeco.com.pl\/de\/produkt\/sensorgesteuerter-handetrockner-26\/#primaryimage\"},\"thumbnailUrl\":\"https:\/\/impeco.com.pl\/wp-content\/uploads\/2019\/09\/2017-08-04-Impeco-033-1.jpg\",\"datePublished\":\"2019-09-17T09:56:24+00:00\",\"dateModified\":\"2019-11-22T10:23:15+00:00\",\"breadcrumb\":{\"@id\":\"https:\/\/impeco.com.pl\/de\/produkt\/sensorgesteuerter-handetrockner-26\/#breadcrumb\"},\"inLanguage\":\"de\",\"potentialAction\":[{\"@type\":\"ReadAction\",\"target\":[\"https:\/\/impeco.com.pl\/de\/produkt\/sensorgesteuerter-handetrockner-26\/\"]}]},{\"@type\":\"ImageObject\",\"inLanguage\":\"de\",\"@id\":\"https:\/\/impeco.com.pl\/de\/produkt\/sensorgesteuerter-handetrockner-26\/#primaryimage\",\"url\":\"https:\/\/impeco.com.pl\/wp-content\/uploads\/2019\/09\/2017-08-04-Impeco-033-1.jpg\",\"contentUrl\":\"https:\/\/impeco.com.pl\/wp-content\/uploads\/2019\/09\/2017-08-04-Impeco-033-1.jpg\",\"width\":1000,\"height\":840},{\"@type\":\"BreadcrumbList\",\"@id\":\"https:\/\/impeco.com.pl\/de\/produkt\/sensorgesteuerter-handetrockner-26\/#breadcrumb\",\"itemListElement\":[{\"@type\":\"ListItem\",\"position\":1,\"name\":\"Strona g\u0142\u00f3wna\",\"item\":\"https:\/\/impeco.com.pl\/de\/\"},{\"@type\":\"ListItem\",\"position\":2,\"name\":\"Sortiment\",\"item\":\"https:\/\/impeco.com.pl\/de\/sortiment\/\"},{\"@type\":\"ListItem\",\"position\":3,\"name\":\"Sensorgesteuerter H\u00e4ndetrockner Jet Steel\"}]},{\"@type\":\"WebSite\",\"@id\":\"https:\/\/impeco.com.pl\/#website\",\"url\":\"https:\/\/impeco.com.pl\/\",\"name\":\"Impeco Wroc\u0142aw\",\"description\":\"Oferujemy szeroki asortyment wyposa\u017cenia toalet publicznych\",\"potentialAction\":[{\"@type\":\"SearchAction\",\"target\":{\"@type\":\"EntryPoint\",\"urlTemplate\":\"https:\/\/impeco.com.pl\/?s={search_term_string}\"},\"query-input\":{\"@type\":\"PropertyValueSpecification\",\"valueRequired\":true,\"valueName\":\"search_term_string\"}}],\"inLanguage\":\"de\"}]}<\/script>\n<!-- \/ Yoast SEO plugin. -->","yoast_head_json":{"title":"Sensorgesteuerter H\u00e4ndetrockner Jet Steel | Impeco Wroc\u0142aw","robots":{"index":"index","follow":"follow","max-snippet":"max-snippet:-1","max-image-preview":"max-image-preview:large","max-video-preview":"max-video-preview:-1"},"canonical":"https:\/\/impeco.com.pl\/de\/produkt\/sensorgesteuerter-handetrockner-26\/","og_locale":"de_DE","og_type":"article","og_title":"Sensorgesteuerter H\u00e4ndetrockner Jet Steel | Impeco Wroc\u0142aw","og_description":"Taschentrockner im Edelstahlgeh\u00e4use. Zuverl\u00e4ssiges, bew\u00e4hrtes Modell im Programm. Modernes, stilvolles Design, hohe Verarbeitungsqualit\u00e4t und zuverl\u00e4ssiger b\u00fcrstenloser Motor machen ihn zu einem der besten Modelle unter den Taschentrocknern auf dem Markt. Das Geh\u00e4use besteht aus hochwertigem ABS-Kunststoff und mattiertem Edelstahl. Das Ganze ist verformungs-, sto\u00df- und kratzfest.","og_url":"https:\/\/impeco.com.pl\/de\/produkt\/sensorgesteuerter-handetrockner-26\/","og_site_name":"Impeco Wroc\u0142aw","article_modified_time":"2019-11-22T10:23:15+00:00","og_image":[{"width":1000,"height":840,"url":"https:\/\/impeco.com.pl\/wp-content\/uploads\/2019\/09\/2017-08-04-Impeco-033-1.jpg","type":"image\/jpeg"}],"twitter_card":"summary_large_image","schema":{"@context":"https:\/\/schema.org","@graph":[{"@type":"WebPage","@id":"https:\/\/impeco.com.pl\/de\/produkt\/sensorgesteuerter-handetrockner-26\/","url":"https:\/\/impeco.com.pl\/de\/produkt\/sensorgesteuerter-handetrockner-26\/","name":"Sensorgesteuerter H\u00e4ndetrockner Jet Steel | Impeco Wroc\u0142aw","isPartOf":{"@id":"https:\/\/impeco.com.pl\/#website"},"primaryImageOfPage":{"@id":"https:\/\/impeco.com.pl\/de\/produkt\/sensorgesteuerter-handetrockner-26\/#primaryimage"},"image":{"@id":"https:\/\/impeco.com.pl\/de\/produkt\/sensorgesteuerter-handetrockner-26\/#primaryimage"},"thumbnailUrl":"https:\/\/impeco.com.pl\/wp-content\/uploads\/2019\/09\/2017-08-04-Impeco-033-1.jpg","datePublished":"2019-09-17T09:56:24+00:00","dateModified":"2019-11-22T10:23:15+00:00","breadcrumb":{"@id":"https:\/\/impeco.com.pl\/de\/produkt\/sensorgesteuerter-handetrockner-26\/#breadcrumb"},"inLanguage":"de","potentialAction":[{"@type":"ReadAction","target":["https:\/\/impeco.com.pl\/de\/produkt\/sensorgesteuerter-handetrockner-26\/"]}]},{"@type":"ImageObject","inLanguage":"de","@id":"https:\/\/impeco.com.pl\/de\/produkt\/sensorgesteuerter-handetrockner-26\/#primaryimage","url":"https:\/\/impeco.com.pl\/wp-content\/uploads\/2019\/09\/2017-08-04-Impeco-033-1.jpg","contentUrl":"https:\/\/impeco.com.pl\/wp-content\/uploads\/2019\/09\/2017-08-04-Impeco-033-1.jpg","width":1000,"height":840},{"@type":"BreadcrumbList","@id":"https:\/\/impeco.com.pl\/de\/produkt\/sensorgesteuerter-handetrockner-26\/#breadcrumb","itemListElement":[{"@type":"ListItem","position":1,"name":"Strona g\u0142\u00f3wna","item":"https:\/\/impeco.com.pl\/de\/"},{"@type":"ListItem","position":2,"name":"Sortiment","item":"https:\/\/impeco.com.pl\/de\/sortiment\/"},{"@type":"ListItem","position":3,"name":"Sensorgesteuerter H\u00e4ndetrockner Jet Steel"}]},{"@type":"WebSite","@id":"https:\/\/impeco.com.pl\/#website","url":"https:\/\/impeco.com.pl\/","name":"Impeco Wroc\u0142aw","description":"Oferujemy szeroki asortyment wyposa\u017cenia toalet publicznych","potentialAction":[{"@type":"SearchAction","target":{"@type":"EntryPoint","urlTemplate":"https:\/\/impeco.com.pl\/?s={search_term_string}"},"query-input":{"@type":"PropertyValueSpecification","valueRequired":true,"valueName":"search_term_string"}}],"inLanguage":"de"}]}},"_links":{"self":[{"href":"https:\/\/impeco.com.pl\/de\/wp-json\/wp\/v2\/product\/1522","targetHints":{"allow":["GET"]}}],"collection":[{"href":"https:\/\/impeco.com.pl\/de\/wp-json\/wp\/v2\/product"}],"about":[{"href":"https:\/\/impeco.com.pl\/de\/wp-json\/wp\/v2\/types\/product"}],"wp:featuredmedia":[{"embeddable":true,"href":"https:\/\/impeco.com.pl\/de\/wp-json\/wp\/v2\/media\/870"}],"wp:attachment":[{"href":"https:\/\/impeco.com.pl\/de\/wp-json\/wp\/v2\/media?parent=1522"}],"wp:term":[{"taxonomy":"product_brand","embeddable":true,"href":"https:\/\/impeco.com.pl\/de\/wp-json\/wp\/v2\/product_brand?post=1522"},{"taxonomy":"product_cat","embeddable":true,"href":"https:\/\/impeco.com.pl\/de\/wp-json\/wp\/v2\/product_cat?post=1522"},{"taxonomy":"product_tag","embeddable":true,"href":"https:\/\/impeco.com.pl\/de\/wp-json\/wp\/v2\/product_tag?post=1522"}],"curies":[{"name":"wp","href":"https:\/\/api.w.org\/{rel}","templated":true}]}}