{"id":1514,"date":"2019-09-18T13:47:09","date_gmt":"2019-09-18T11:47:09","guid":{"rendered":"http:\/\/impeco.com.pl\/produkt\/sensorgesteuerter-handetrockner-22\/"},"modified":"2019-11-22T11:22:21","modified_gmt":"2019-11-22T10:22:21","slug":"sensorgesteuerter-handetrockner-22","status":"publish","type":"product","link":"https:\/\/impeco.com.pl\/de\/produkt\/sensorgesteuerter-handetrockner-22\/","title":{"rendered":"Sensorgesteuerter H\u00e4ndetrockner TurboBlast"},"content":{"rendered":"<p><strong>Artikel HD1H1S<\/strong><\/p>\n<table>\n<tbody>\n<tr>\n<td>Geh\u00e4use<\/td>\n<td>ABS Kunststoff, grau<\/td>\n<\/tr>\n<tr>\n<td>Ein\/Aus<\/td>\n<td>Automatisch, sensorgesteuert<\/td>\n<\/tr>\n<tr>\n<td>Leistung<\/td>\n<td>2300 W<\/td>\n<\/tr>\n<tr>\n<td>Spannung<\/td>\n<td>220-240 V, 50-60 Hz<\/td>\n<\/tr>\n<tr>\n<td>Luftgeschwindigkeit<\/td>\n<td>31 m\/s<\/td>\n<\/tr>\n<tr>\n<td>Lautst\u00e4rke<\/td>\n<td>70 dB<\/td>\n<\/tr>\n<tr>\n<td>Trocknungszeit<\/td>\n<td>15 &#8211; 18 Sek.<\/td>\n<\/tr>\n<tr>\n<td>Schutzklasse<\/td>\n<td>IPX1<\/td>\n<\/tr>\n<tr>\n<td>Ma\u00dfe<\/td>\n<td>H: 230 mm, B: 260 mm, T: 200 mm<\/td>\n<\/tr>\n<tr>\n<td>Garantie<\/td>\n<td>12 Monate<\/td>\n<\/tr>\n<\/tbody>\n<\/table>\n","protected":false},"excerpt":{"rendered":"<p>Der Impeco Turboblast Trockner ist 50% st\u00e4rker als andere konventionelle Trockner \u00e4hnlicher Bauart. Eines der beliebtesten Modelle auf dem Markt &#8211; oft an Tankstellen und in \u00f6ffentlichen Geb\u00e4uden zu finden.<\/p>\n","protected":false},"featured_media":794,"template":"","meta":[],"product_brand":[],"product_cat":[84],"product_tag":[],"class_list":{"0":"post-1514","1":"product","2":"type-product","3":"status-publish","4":"has-post-thumbnail","6":"product_cat-haendetrockner-abs-kunststoff","7":"description-off","9":"first","10":"instock","11":"shipping-taxable","12":"product-type-simple"},"yoast_head":"<!-- This site is optimized with the Yoast SEO plugin v25.4 - https:\/\/yoast.com\/wordpress\/plugins\/seo\/ -->\n<title>Sensorgesteuerter H\u00e4ndetrockner TurboBlast | Impeco Wroc\u0142aw<\/title>\n<meta name=\"robots\" content=\"index, follow, max-snippet:-1, max-image-preview:large, max-video-preview:-1\" \/>\n<link rel=\"canonical\" href=\"https:\/\/impeco.com.pl\/de\/produkt\/sensorgesteuerter-handetrockner-22\/\" \/>\n<meta property=\"og:locale\" content=\"de_DE\" \/>\n<meta property=\"og:type\" content=\"article\" \/>\n<meta property=\"og:title\" content=\"Sensorgesteuerter H\u00e4ndetrockner TurboBlast | Impeco Wroc\u0142aw\" \/>\n<meta property=\"og:description\" content=\"Der Impeco Turboblast Trockner ist 50% st\u00e4rker als andere konventionelle Trockner \u00e4hnlicher Bauart. Eines der beliebtesten Modelle auf dem Markt - oft an Tankstellen und in \u00f6ffentlichen Geb\u00e4uden zu finden.\" \/>\n<meta property=\"og:url\" content=\"https:\/\/impeco.com.pl\/de\/produkt\/sensorgesteuerter-handetrockner-22\/\" \/>\n<meta property=\"og:site_name\" content=\"Impeco Wroc\u0142aw\" \/>\n<meta property=\"article:modified_time\" content=\"2019-11-22T10:22:21+00:00\" \/>\n<meta property=\"og:image\" content=\"https:\/\/impeco.com.pl\/wp-content\/uploads\/2019\/09\/turboblast_nologo_steel.jpg\" \/>\n\t<meta property=\"og:image:width\" content=\"1500\" \/>\n\t<meta property=\"og:image:height\" content=\"1500\" \/>\n\t<meta property=\"og:image:type\" content=\"image\/jpeg\" \/>\n<meta name=\"twitter:card\" content=\"summary_large_image\" \/>\n<script type=\"application\/ld+json\" class=\"yoast-schema-graph\">{\"@context\":\"https:\/\/schema.org\",\"@graph\":[{\"@type\":\"WebPage\",\"@id\":\"https:\/\/impeco.com.pl\/de\/produkt\/sensorgesteuerter-handetrockner-22\/\",\"url\":\"https:\/\/impeco.com.pl\/de\/produkt\/sensorgesteuerter-handetrockner-22\/\",\"name\":\"Sensorgesteuerter H\u00e4ndetrockner TurboBlast | Impeco Wroc\u0142aw\",\"isPartOf\":{\"@id\":\"https:\/\/impeco.com.pl\/#website\"},\"primaryImageOfPage\":{\"@id\":\"https:\/\/impeco.com.pl\/de\/produkt\/sensorgesteuerter-handetrockner-22\/#primaryimage\"},\"image\":{\"@id\":\"https:\/\/impeco.com.pl\/de\/produkt\/sensorgesteuerter-handetrockner-22\/#primaryimage\"},\"thumbnailUrl\":\"https:\/\/impeco.com.pl\/wp-content\/uploads\/2019\/09\/turboblast_nologo_steel.jpg\",\"datePublished\":\"2019-09-18T11:47:09+00:00\",\"dateModified\":\"2019-11-22T10:22:21+00:00\",\"breadcrumb\":{\"@id\":\"https:\/\/impeco.com.pl\/de\/produkt\/sensorgesteuerter-handetrockner-22\/#breadcrumb\"},\"inLanguage\":\"de\",\"potentialAction\":[{\"@type\":\"ReadAction\",\"target\":[\"https:\/\/impeco.com.pl\/de\/produkt\/sensorgesteuerter-handetrockner-22\/\"]}]},{\"@type\":\"ImageObject\",\"inLanguage\":\"de\",\"@id\":\"https:\/\/impeco.com.pl\/de\/produkt\/sensorgesteuerter-handetrockner-22\/#primaryimage\",\"url\":\"https:\/\/impeco.com.pl\/wp-content\/uploads\/2019\/09\/turboblast_nologo_steel.jpg\",\"contentUrl\":\"https:\/\/impeco.com.pl\/wp-content\/uploads\/2019\/09\/turboblast_nologo_steel.jpg\",\"width\":1500,\"height\":1500},{\"@type\":\"BreadcrumbList\",\"@id\":\"https:\/\/impeco.com.pl\/de\/produkt\/sensorgesteuerter-handetrockner-22\/#breadcrumb\",\"itemListElement\":[{\"@type\":\"ListItem\",\"position\":1,\"name\":\"Strona g\u0142\u00f3wna\",\"item\":\"https:\/\/impeco.com.pl\/de\/\"},{\"@type\":\"ListItem\",\"position\":2,\"name\":\"Sortiment\",\"item\":\"https:\/\/impeco.com.pl\/de\/sortiment\/\"},{\"@type\":\"ListItem\",\"position\":3,\"name\":\"Sensorgesteuerter H\u00e4ndetrockner TurboBlast\"}]},{\"@type\":\"WebSite\",\"@id\":\"https:\/\/impeco.com.pl\/#website\",\"url\":\"https:\/\/impeco.com.pl\/\",\"name\":\"Impeco Wroc\u0142aw\",\"description\":\"Oferujemy szeroki asortyment wyposa\u017cenia toalet publicznych\",\"potentialAction\":[{\"@type\":\"SearchAction\",\"target\":{\"@type\":\"EntryPoint\",\"urlTemplate\":\"https:\/\/impeco.com.pl\/?s={search_term_string}\"},\"query-input\":{\"@type\":\"PropertyValueSpecification\",\"valueRequired\":true,\"valueName\":\"search_term_string\"}}],\"inLanguage\":\"de\"}]}<\/script>\n<!-- \/ Yoast SEO plugin. -->","yoast_head_json":{"title":"Sensorgesteuerter H\u00e4ndetrockner TurboBlast | Impeco Wroc\u0142aw","robots":{"index":"index","follow":"follow","max-snippet":"max-snippet:-1","max-image-preview":"max-image-preview:large","max-video-preview":"max-video-preview:-1"},"canonical":"https:\/\/impeco.com.pl\/de\/produkt\/sensorgesteuerter-handetrockner-22\/","og_locale":"de_DE","og_type":"article","og_title":"Sensorgesteuerter H\u00e4ndetrockner TurboBlast | Impeco Wroc\u0142aw","og_description":"Der Impeco Turboblast Trockner ist 50% st\u00e4rker als andere konventionelle Trockner \u00e4hnlicher Bauart. Eines der beliebtesten Modelle auf dem Markt - oft an Tankstellen und in \u00f6ffentlichen Geb\u00e4uden zu finden.","og_url":"https:\/\/impeco.com.pl\/de\/produkt\/sensorgesteuerter-handetrockner-22\/","og_site_name":"Impeco Wroc\u0142aw","article_modified_time":"2019-11-22T10:22:21+00:00","og_image":[{"width":1500,"height":1500,"url":"https:\/\/impeco.com.pl\/wp-content\/uploads\/2019\/09\/turboblast_nologo_steel.jpg","type":"image\/jpeg"}],"twitter_card":"summary_large_image","schema":{"@context":"https:\/\/schema.org","@graph":[{"@type":"WebPage","@id":"https:\/\/impeco.com.pl\/de\/produkt\/sensorgesteuerter-handetrockner-22\/","url":"https:\/\/impeco.com.pl\/de\/produkt\/sensorgesteuerter-handetrockner-22\/","name":"Sensorgesteuerter H\u00e4ndetrockner TurboBlast | Impeco Wroc\u0142aw","isPartOf":{"@id":"https:\/\/impeco.com.pl\/#website"},"primaryImageOfPage":{"@id":"https:\/\/impeco.com.pl\/de\/produkt\/sensorgesteuerter-handetrockner-22\/#primaryimage"},"image":{"@id":"https:\/\/impeco.com.pl\/de\/produkt\/sensorgesteuerter-handetrockner-22\/#primaryimage"},"thumbnailUrl":"https:\/\/impeco.com.pl\/wp-content\/uploads\/2019\/09\/turboblast_nologo_steel.jpg","datePublished":"2019-09-18T11:47:09+00:00","dateModified":"2019-11-22T10:22:21+00:00","breadcrumb":{"@id":"https:\/\/impeco.com.pl\/de\/produkt\/sensorgesteuerter-handetrockner-22\/#breadcrumb"},"inLanguage":"de","potentialAction":[{"@type":"ReadAction","target":["https:\/\/impeco.com.pl\/de\/produkt\/sensorgesteuerter-handetrockner-22\/"]}]},{"@type":"ImageObject","inLanguage":"de","@id":"https:\/\/impeco.com.pl\/de\/produkt\/sensorgesteuerter-handetrockner-22\/#primaryimage","url":"https:\/\/impeco.com.pl\/wp-content\/uploads\/2019\/09\/turboblast_nologo_steel.jpg","contentUrl":"https:\/\/impeco.com.pl\/wp-content\/uploads\/2019\/09\/turboblast_nologo_steel.jpg","width":1500,"height":1500},{"@type":"BreadcrumbList","@id":"https:\/\/impeco.com.pl\/de\/produkt\/sensorgesteuerter-handetrockner-22\/#breadcrumb","itemListElement":[{"@type":"ListItem","position":1,"name":"Strona g\u0142\u00f3wna","item":"https:\/\/impeco.com.pl\/de\/"},{"@type":"ListItem","position":2,"name":"Sortiment","item":"https:\/\/impeco.com.pl\/de\/sortiment\/"},{"@type":"ListItem","position":3,"name":"Sensorgesteuerter H\u00e4ndetrockner TurboBlast"}]},{"@type":"WebSite","@id":"https:\/\/impeco.com.pl\/#website","url":"https:\/\/impeco.com.pl\/","name":"Impeco Wroc\u0142aw","description":"Oferujemy szeroki asortyment wyposa\u017cenia toalet publicznych","potentialAction":[{"@type":"SearchAction","target":{"@type":"EntryPoint","urlTemplate":"https:\/\/impeco.com.pl\/?s={search_term_string}"},"query-input":{"@type":"PropertyValueSpecification","valueRequired":true,"valueName":"search_term_string"}}],"inLanguage":"de"}]}},"_links":{"self":[{"href":"https:\/\/impeco.com.pl\/de\/wp-json\/wp\/v2\/product\/1514","targetHints":{"allow":["GET"]}}],"collection":[{"href":"https:\/\/impeco.com.pl\/de\/wp-json\/wp\/v2\/product"}],"about":[{"href":"https:\/\/impeco.com.pl\/de\/wp-json\/wp\/v2\/types\/product"}],"wp:featuredmedia":[{"embeddable":true,"href":"https:\/\/impeco.com.pl\/de\/wp-json\/wp\/v2\/media\/794"}],"wp:attachment":[{"href":"https:\/\/impeco.com.pl\/de\/wp-json\/wp\/v2\/media?parent=1514"}],"wp:term":[{"taxonomy":"product_brand","embeddable":true,"href":"https:\/\/impeco.com.pl\/de\/wp-json\/wp\/v2\/product_brand?post=1514"},{"taxonomy":"product_cat","embeddable":true,"href":"https:\/\/impeco.com.pl\/de\/wp-json\/wp\/v2\/product_cat?post=1514"},{"taxonomy":"product_tag","embeddable":true,"href":"https:\/\/impeco.com.pl\/de\/wp-json\/wp\/v2\/product_tag?post=1514"}],"curies":[{"name":"wp","href":"https:\/\/api.w.org\/{rel}","templated":true}]}}