{"id":1502,"date":"2019-09-11T13:09:02","date_gmt":"2019-09-11T11:09:02","guid":{"rendered":"http:\/\/impeco.com.pl\/produkt\/sensorgesteuerter-handetrockner-10\/"},"modified":"2019-11-22T11:25:11","modified_gmt":"2019-11-22T10:25:11","slug":"sensorgesteuerter-handetrockner-10","status":"publish","type":"product","link":"https:\/\/impeco.com.pl\/de\/produkt\/sensorgesteuerter-handetrockner-10\/","title":{"rendered":"Sensorgesteuerter H\u00e4ndetrockner Monsoon Silver"},"content":{"rendered":"<p><strong>Artikel HD11H2<\/strong><\/p>\n<table>\n<tbody>\n<tr>\n<td>Geh\u00e4use<\/td>\n<td>Edelstahl 304, matt geb\u00fcrstet<\/td>\n<\/tr>\n<tr>\n<td>Ein\/Aus<\/td>\n<td>Automatisch, sensorgesteuert<\/td>\n<\/tr>\n<tr>\n<td>Leistung<\/td>\n<td>2500 W<\/td>\n<\/tr>\n<tr>\n<td>Spannung<\/td>\n<td>220-240 V, 50-60 Hz<\/td>\n<\/tr>\n<tr>\n<td>Luftleistung<\/td>\n<td>270 m3\/h<\/td>\n<\/tr>\n<tr>\n<td>Luftgeschwindigkeit<\/td>\n<td>30 m\/s<\/td>\n<\/tr>\n<tr>\n<td>Lautst\u00e4rke<\/td>\n<td>70 dB<\/td>\n<\/tr>\n<tr>\n<td>Trocknungszeit<\/td>\n<td>15 Sek.<\/td>\n<\/tr>\n<tr>\n<td>Schutzklasse<\/td>\n<td>IPX1<\/td>\n<\/tr>\n<tr>\n<td>Lufttemperatur<\/td>\n<td>42\u2103 (bei Umgebungstemperatur 25\u2103)<\/td>\n<\/tr>\n<tr>\n<td>Gewicht<\/td>\n<td>4,2 kg<\/td>\n<\/tr>\n<tr>\n<td>Ma\u00dfe<\/td>\n<td>H: 235 mm, B: 267 mm, T: 142 mm<\/td>\n<\/tr>\n<tr>\n<td>Garantie<\/td>\n<td>24 Monate<\/td>\n<\/tr>\n<\/tbody>\n<\/table>\n","protected":false},"excerpt":{"rendered":"<p>Antrieb aus TurboBlast-Modell, geschlossen in einem dezenten, kleineren Geh\u00e4use. Es ist eines der beliebtesten konventionellen Modelle mit einem leistungsstarken 2.500W B\u00fcrstenmotor &#8211; es verf\u00fcgt \u00fcber eine eingebaute Heizung und trocknet so die H\u00e4nde mit hei\u00dfer, starker Luft. <\/p>\n","protected":false},"featured_media":864,"template":"","meta":[],"product_brand":[],"product_cat":[66,85],"product_tag":[],"class_list":{"0":"post-1502","1":"product","2":"type-product","3":"status-publish","4":"has-post-thumbnail","6":"product_cat-haendetrockner","7":"product_cat-haendetrockner-edelstahl-rostfrei","8":"description-off","10":"first","11":"instock","12":"shipping-taxable","13":"product-type-simple"},"yoast_head":"<!-- This site is optimized with the Yoast SEO plugin v25.4 - https:\/\/yoast.com\/wordpress\/plugins\/seo\/ -->\n<title>Sensorgesteuerter H\u00e4ndetrockner Monsoon Silver | Impeco Wroc\u0142aw<\/title>\n<meta name=\"robots\" content=\"index, follow, max-snippet:-1, max-image-preview:large, max-video-preview:-1\" \/>\n<link rel=\"canonical\" href=\"https:\/\/impeco.com.pl\/de\/produkt\/sensorgesteuerter-handetrockner-10\/\" \/>\n<meta property=\"og:locale\" content=\"de_DE\" \/>\n<meta property=\"og:type\" content=\"article\" \/>\n<meta property=\"og:title\" content=\"Sensorgesteuerter H\u00e4ndetrockner Monsoon Silver | Impeco Wroc\u0142aw\" \/>\n<meta property=\"og:description\" content=\"Antrieb aus TurboBlast-Modell, geschlossen in einem dezenten, kleineren Geh\u00e4use. Es ist eines der beliebtesten konventionellen Modelle mit einem leistungsstarken 2.500W B\u00fcrstenmotor - es verf\u00fcgt \u00fcber eine eingebaute Heizung und trocknet so die H\u00e4nde mit hei\u00dfer, starker Luft.\" \/>\n<meta property=\"og:url\" content=\"https:\/\/impeco.com.pl\/de\/produkt\/sensorgesteuerter-handetrockner-10\/\" \/>\n<meta property=\"og:site_name\" content=\"Impeco Wroc\u0142aw\" \/>\n<meta property=\"article:modified_time\" content=\"2019-11-22T10:25:11+00:00\" \/>\n<meta property=\"og:image\" content=\"https:\/\/impeco.com.pl\/wp-content\/uploads\/2019\/09\/monsoon-2.jpg\" \/>\n\t<meta property=\"og:image:width\" content=\"1000\" \/>\n\t<meta property=\"og:image:height\" content=\"840\" \/>\n\t<meta property=\"og:image:type\" content=\"image\/jpeg\" \/>\n<meta name=\"twitter:card\" content=\"summary_large_image\" \/>\n<script type=\"application\/ld+json\" class=\"yoast-schema-graph\">{\"@context\":\"https:\/\/schema.org\",\"@graph\":[{\"@type\":\"WebPage\",\"@id\":\"https:\/\/impeco.com.pl\/de\/produkt\/sensorgesteuerter-handetrockner-10\/\",\"url\":\"https:\/\/impeco.com.pl\/de\/produkt\/sensorgesteuerter-handetrockner-10\/\",\"name\":\"Sensorgesteuerter H\u00e4ndetrockner Monsoon Silver | Impeco Wroc\u0142aw\",\"isPartOf\":{\"@id\":\"https:\/\/impeco.com.pl\/#website\"},\"primaryImageOfPage\":{\"@id\":\"https:\/\/impeco.com.pl\/de\/produkt\/sensorgesteuerter-handetrockner-10\/#primaryimage\"},\"image\":{\"@id\":\"https:\/\/impeco.com.pl\/de\/produkt\/sensorgesteuerter-handetrockner-10\/#primaryimage\"},\"thumbnailUrl\":\"https:\/\/impeco.com.pl\/wp-content\/uploads\/2019\/09\/monsoon-2.jpg\",\"datePublished\":\"2019-09-11T11:09:02+00:00\",\"dateModified\":\"2019-11-22T10:25:11+00:00\",\"breadcrumb\":{\"@id\":\"https:\/\/impeco.com.pl\/de\/produkt\/sensorgesteuerter-handetrockner-10\/#breadcrumb\"},\"inLanguage\":\"de\",\"potentialAction\":[{\"@type\":\"ReadAction\",\"target\":[\"https:\/\/impeco.com.pl\/de\/produkt\/sensorgesteuerter-handetrockner-10\/\"]}]},{\"@type\":\"ImageObject\",\"inLanguage\":\"de\",\"@id\":\"https:\/\/impeco.com.pl\/de\/produkt\/sensorgesteuerter-handetrockner-10\/#primaryimage\",\"url\":\"https:\/\/impeco.com.pl\/wp-content\/uploads\/2019\/09\/monsoon-2.jpg\",\"contentUrl\":\"https:\/\/impeco.com.pl\/wp-content\/uploads\/2019\/09\/monsoon-2.jpg\",\"width\":1000,\"height\":840},{\"@type\":\"BreadcrumbList\",\"@id\":\"https:\/\/impeco.com.pl\/de\/produkt\/sensorgesteuerter-handetrockner-10\/#breadcrumb\",\"itemListElement\":[{\"@type\":\"ListItem\",\"position\":1,\"name\":\"Strona g\u0142\u00f3wna\",\"item\":\"https:\/\/impeco.com.pl\/de\/\"},{\"@type\":\"ListItem\",\"position\":2,\"name\":\"Sortiment\",\"item\":\"https:\/\/impeco.com.pl\/de\/sortiment\/\"},{\"@type\":\"ListItem\",\"position\":3,\"name\":\"Sensorgesteuerter H\u00e4ndetrockner Monsoon Silver\"}]},{\"@type\":\"WebSite\",\"@id\":\"https:\/\/impeco.com.pl\/#website\",\"url\":\"https:\/\/impeco.com.pl\/\",\"name\":\"Impeco Wroc\u0142aw\",\"description\":\"Oferujemy szeroki asortyment wyposa\u017cenia toalet publicznych\",\"potentialAction\":[{\"@type\":\"SearchAction\",\"target\":{\"@type\":\"EntryPoint\",\"urlTemplate\":\"https:\/\/impeco.com.pl\/?s={search_term_string}\"},\"query-input\":{\"@type\":\"PropertyValueSpecification\",\"valueRequired\":true,\"valueName\":\"search_term_string\"}}],\"inLanguage\":\"de\"}]}<\/script>\n<!-- \/ Yoast SEO plugin. -->","yoast_head_json":{"title":"Sensorgesteuerter H\u00e4ndetrockner Monsoon Silver | Impeco Wroc\u0142aw","robots":{"index":"index","follow":"follow","max-snippet":"max-snippet:-1","max-image-preview":"max-image-preview:large","max-video-preview":"max-video-preview:-1"},"canonical":"https:\/\/impeco.com.pl\/de\/produkt\/sensorgesteuerter-handetrockner-10\/","og_locale":"de_DE","og_type":"article","og_title":"Sensorgesteuerter H\u00e4ndetrockner Monsoon Silver | Impeco Wroc\u0142aw","og_description":"Antrieb aus TurboBlast-Modell, geschlossen in einem dezenten, kleineren Geh\u00e4use. Es ist eines der beliebtesten konventionellen Modelle mit einem leistungsstarken 2.500W B\u00fcrstenmotor - es verf\u00fcgt \u00fcber eine eingebaute Heizung und trocknet so die H\u00e4nde mit hei\u00dfer, starker Luft.","og_url":"https:\/\/impeco.com.pl\/de\/produkt\/sensorgesteuerter-handetrockner-10\/","og_site_name":"Impeco Wroc\u0142aw","article_modified_time":"2019-11-22T10:25:11+00:00","og_image":[{"width":1000,"height":840,"url":"https:\/\/impeco.com.pl\/wp-content\/uploads\/2019\/09\/monsoon-2.jpg","type":"image\/jpeg"}],"twitter_card":"summary_large_image","schema":{"@context":"https:\/\/schema.org","@graph":[{"@type":"WebPage","@id":"https:\/\/impeco.com.pl\/de\/produkt\/sensorgesteuerter-handetrockner-10\/","url":"https:\/\/impeco.com.pl\/de\/produkt\/sensorgesteuerter-handetrockner-10\/","name":"Sensorgesteuerter H\u00e4ndetrockner Monsoon Silver | Impeco Wroc\u0142aw","isPartOf":{"@id":"https:\/\/impeco.com.pl\/#website"},"primaryImageOfPage":{"@id":"https:\/\/impeco.com.pl\/de\/produkt\/sensorgesteuerter-handetrockner-10\/#primaryimage"},"image":{"@id":"https:\/\/impeco.com.pl\/de\/produkt\/sensorgesteuerter-handetrockner-10\/#primaryimage"},"thumbnailUrl":"https:\/\/impeco.com.pl\/wp-content\/uploads\/2019\/09\/monsoon-2.jpg","datePublished":"2019-09-11T11:09:02+00:00","dateModified":"2019-11-22T10:25:11+00:00","breadcrumb":{"@id":"https:\/\/impeco.com.pl\/de\/produkt\/sensorgesteuerter-handetrockner-10\/#breadcrumb"},"inLanguage":"de","potentialAction":[{"@type":"ReadAction","target":["https:\/\/impeco.com.pl\/de\/produkt\/sensorgesteuerter-handetrockner-10\/"]}]},{"@type":"ImageObject","inLanguage":"de","@id":"https:\/\/impeco.com.pl\/de\/produkt\/sensorgesteuerter-handetrockner-10\/#primaryimage","url":"https:\/\/impeco.com.pl\/wp-content\/uploads\/2019\/09\/monsoon-2.jpg","contentUrl":"https:\/\/impeco.com.pl\/wp-content\/uploads\/2019\/09\/monsoon-2.jpg","width":1000,"height":840},{"@type":"BreadcrumbList","@id":"https:\/\/impeco.com.pl\/de\/produkt\/sensorgesteuerter-handetrockner-10\/#breadcrumb","itemListElement":[{"@type":"ListItem","position":1,"name":"Strona g\u0142\u00f3wna","item":"https:\/\/impeco.com.pl\/de\/"},{"@type":"ListItem","position":2,"name":"Sortiment","item":"https:\/\/impeco.com.pl\/de\/sortiment\/"},{"@type":"ListItem","position":3,"name":"Sensorgesteuerter H\u00e4ndetrockner Monsoon Silver"}]},{"@type":"WebSite","@id":"https:\/\/impeco.com.pl\/#website","url":"https:\/\/impeco.com.pl\/","name":"Impeco Wroc\u0142aw","description":"Oferujemy szeroki asortyment wyposa\u017cenia toalet publicznych","potentialAction":[{"@type":"SearchAction","target":{"@type":"EntryPoint","urlTemplate":"https:\/\/impeco.com.pl\/?s={search_term_string}"},"query-input":{"@type":"PropertyValueSpecification","valueRequired":true,"valueName":"search_term_string"}}],"inLanguage":"de"}]}},"_links":{"self":[{"href":"https:\/\/impeco.com.pl\/de\/wp-json\/wp\/v2\/product\/1502","targetHints":{"allow":["GET"]}}],"collection":[{"href":"https:\/\/impeco.com.pl\/de\/wp-json\/wp\/v2\/product"}],"about":[{"href":"https:\/\/impeco.com.pl\/de\/wp-json\/wp\/v2\/types\/product"}],"wp:featuredmedia":[{"embeddable":true,"href":"https:\/\/impeco.com.pl\/de\/wp-json\/wp\/v2\/media\/864"}],"wp:attachment":[{"href":"https:\/\/impeco.com.pl\/de\/wp-json\/wp\/v2\/media?parent=1502"}],"wp:term":[{"taxonomy":"product_brand","embeddable":true,"href":"https:\/\/impeco.com.pl\/de\/wp-json\/wp\/v2\/product_brand?post=1502"},{"taxonomy":"product_cat","embeddable":true,"href":"https:\/\/impeco.com.pl\/de\/wp-json\/wp\/v2\/product_cat?post=1502"},{"taxonomy":"product_tag","embeddable":true,"href":"https:\/\/impeco.com.pl\/de\/wp-json\/wp\/v2\/product_tag?post=1502"}],"curies":[{"name":"wp","href":"https:\/\/api.w.org\/{rel}","templated":true}]}}