{"id":1495,"date":"2019-09-18T13:17:30","date_gmt":"2019-09-18T11:17:30","guid":{"rendered":"http:\/\/impeco.com.pl\/produkt\/sensorgesteuerter-handetrockner-3\/"},"modified":"2019-11-22T11:23:00","modified_gmt":"2019-11-22T10:23:00","slug":"sensorgesteuerter-handetrockner-3","status":"publish","type":"product","link":"https:\/\/impeco.com.pl\/de\/produkt\/sensorgesteuerter-handetrockner-3\/","title":{"rendered":"Sensorgesteuerter H\u00e4ndetrockner Cube"},"content":{"rendered":"<p><strong>Artikel HD1PWB<\/strong><\/p>\n<table>\n<tbody>\n<tr>\n<td>Geh\u00e4use<\/td>\n<td>Edelstahl 304, schwarz, pulverbeschichtet<\/td>\n<\/tr>\n<tr>\n<td>Ein\/Aus<\/td>\n<td>Automatisch, sensorgesteuert<\/td>\n<\/tr>\n<tr>\n<td>Leistung<\/td>\n<td>1350 W<\/td>\n<\/tr>\n<tr>\n<td>Spannung<\/td>\n<td>220-240 V, 50-60 Hz<\/td>\n<\/tr>\n<tr>\n<td>Lautst\u00e4rke<\/td>\n<td>78 dB<\/td>\n<\/tr>\n<tr>\n<td>Trocknungszeit<\/td>\n<td>10 Sek.<\/td>\n<\/tr>\n<tr>\n<td>Schutzklasse<\/td>\n<td>IPX4<\/td>\n<\/tr>\n<tr>\n<td>Ma\u00dfe<\/td>\n<td>H: 278 mm, B: 245 mm, T: 163 mm<\/td>\n<\/tr>\n<tr>\n<td>HEPA Filter<\/td>\n<td>Ja<\/td>\n<\/tr>\n<\/tbody>\n<\/table>\n","protected":false},"excerpt":{"rendered":"<p>Eine Neuheit im Angebot von Impeco \u2013 ein gegen Vandalismus gesch\u00fctzter Trockner aus rostfreiem Stahl 304. Eine einzigartige Leistung sowie ein niedriger Stromverbrauch sorgen f\u00fcr eine kurze Dauer des Trocknens zu einem niedrigem Preis. Der ab Werk montierte HEPA-Filter sorgt f\u00fcr Schutz vor Bakterien. Au\u00dferdem verf\u00fcgt der Trockner \u00fcber eine hohe Schutzklasse IPX4. In zwei Farben erh\u00e4ltlich.<\/p>\n","protected":false},"featured_media":1416,"template":"","meta":[],"product_brand":[],"product_cat":[66,85],"product_tag":[],"class_list":{"0":"post-1495","1":"product","2":"type-product","3":"status-publish","4":"has-post-thumbnail","6":"product_cat-haendetrockner","7":"product_cat-haendetrockner-edelstahl-rostfrei","8":"description-off","10":"first","11":"instock","12":"shipping-taxable","13":"product-type-simple"},"yoast_head":"<!-- This site is optimized with the Yoast SEO plugin v25.4 - https:\/\/yoast.com\/wordpress\/plugins\/seo\/ -->\n<title>Sensorgesteuerter H\u00e4ndetrockner Cube | Impeco Wroc\u0142aw<\/title>\n<meta name=\"robots\" content=\"index, follow, max-snippet:-1, max-image-preview:large, max-video-preview:-1\" \/>\n<link rel=\"canonical\" href=\"https:\/\/impeco.com.pl\/de\/produkt\/sensorgesteuerter-handetrockner-3\/\" \/>\n<meta property=\"og:locale\" content=\"de_DE\" \/>\n<meta property=\"og:type\" content=\"article\" \/>\n<meta property=\"og:title\" content=\"Sensorgesteuerter H\u00e4ndetrockner Cube | Impeco Wroc\u0142aw\" \/>\n<meta property=\"og:description\" content=\"Eine Neuheit im Angebot von Impeco \u2013 ein gegen Vandalismus gesch\u00fctzter Trockner aus rostfreiem Stahl 304. Eine einzigartige Leistung sowie ein niedriger Stromverbrauch sorgen f\u00fcr eine kurze Dauer des Trocknens zu einem niedrigem Preis. Der ab Werk montierte HEPA-Filter sorgt f\u00fcr Schutz vor Bakterien. Au\u00dferdem verf\u00fcgt der Trockner \u00fcber eine hohe Schutzklasse IPX4. In zwei Farben erh\u00e4ltlich.\" \/>\n<meta property=\"og:url\" content=\"https:\/\/impeco.com.pl\/de\/produkt\/sensorgesteuerter-handetrockner-3\/\" \/>\n<meta property=\"og:site_name\" content=\"Impeco Wroc\u0142aw\" \/>\n<meta property=\"article:modified_time\" content=\"2019-11-22T10:23:00+00:00\" \/>\n<meta property=\"og:image\" content=\"https:\/\/impeco.com.pl\/wp-content\/uploads\/2019\/09\/1-A-1.jpg\" \/>\n\t<meta property=\"og:image:width\" content=\"1500\" \/>\n\t<meta property=\"og:image:height\" content=\"1500\" \/>\n\t<meta property=\"og:image:type\" content=\"image\/jpeg\" \/>\n<meta name=\"twitter:card\" content=\"summary_large_image\" \/>\n<script type=\"application\/ld+json\" class=\"yoast-schema-graph\">{\"@context\":\"https:\/\/schema.org\",\"@graph\":[{\"@type\":\"WebPage\",\"@id\":\"https:\/\/impeco.com.pl\/de\/produkt\/sensorgesteuerter-handetrockner-3\/\",\"url\":\"https:\/\/impeco.com.pl\/de\/produkt\/sensorgesteuerter-handetrockner-3\/\",\"name\":\"Sensorgesteuerter H\u00e4ndetrockner Cube | Impeco Wroc\u0142aw\",\"isPartOf\":{\"@id\":\"https:\/\/impeco.com.pl\/#website\"},\"primaryImageOfPage\":{\"@id\":\"https:\/\/impeco.com.pl\/de\/produkt\/sensorgesteuerter-handetrockner-3\/#primaryimage\"},\"image\":{\"@id\":\"https:\/\/impeco.com.pl\/de\/produkt\/sensorgesteuerter-handetrockner-3\/#primaryimage\"},\"thumbnailUrl\":\"https:\/\/impeco.com.pl\/wp-content\/uploads\/2019\/09\/1-A-1.jpg\",\"datePublished\":\"2019-09-18T11:17:30+00:00\",\"dateModified\":\"2019-11-22T10:23:00+00:00\",\"breadcrumb\":{\"@id\":\"https:\/\/impeco.com.pl\/de\/produkt\/sensorgesteuerter-handetrockner-3\/#breadcrumb\"},\"inLanguage\":\"de\",\"potentialAction\":[{\"@type\":\"ReadAction\",\"target\":[\"https:\/\/impeco.com.pl\/de\/produkt\/sensorgesteuerter-handetrockner-3\/\"]}]},{\"@type\":\"ImageObject\",\"inLanguage\":\"de\",\"@id\":\"https:\/\/impeco.com.pl\/de\/produkt\/sensorgesteuerter-handetrockner-3\/#primaryimage\",\"url\":\"https:\/\/impeco.com.pl\/wp-content\/uploads\/2019\/09\/1-A-1.jpg\",\"contentUrl\":\"https:\/\/impeco.com.pl\/wp-content\/uploads\/2019\/09\/1-A-1.jpg\",\"width\":1500,\"height\":1500},{\"@type\":\"BreadcrumbList\",\"@id\":\"https:\/\/impeco.com.pl\/de\/produkt\/sensorgesteuerter-handetrockner-3\/#breadcrumb\",\"itemListElement\":[{\"@type\":\"ListItem\",\"position\":1,\"name\":\"Strona g\u0142\u00f3wna\",\"item\":\"https:\/\/impeco.com.pl\/de\/\"},{\"@type\":\"ListItem\",\"position\":2,\"name\":\"Sortiment\",\"item\":\"https:\/\/impeco.com.pl\/de\/sortiment\/\"},{\"@type\":\"ListItem\",\"position\":3,\"name\":\"Sensorgesteuerter H\u00e4ndetrockner Cube\"}]},{\"@type\":\"WebSite\",\"@id\":\"https:\/\/impeco.com.pl\/#website\",\"url\":\"https:\/\/impeco.com.pl\/\",\"name\":\"Impeco Wroc\u0142aw\",\"description\":\"Oferujemy szeroki asortyment wyposa\u017cenia toalet publicznych\",\"potentialAction\":[{\"@type\":\"SearchAction\",\"target\":{\"@type\":\"EntryPoint\",\"urlTemplate\":\"https:\/\/impeco.com.pl\/?s={search_term_string}\"},\"query-input\":{\"@type\":\"PropertyValueSpecification\",\"valueRequired\":true,\"valueName\":\"search_term_string\"}}],\"inLanguage\":\"de\"}]}<\/script>\n<!-- \/ Yoast SEO plugin. -->","yoast_head_json":{"title":"Sensorgesteuerter H\u00e4ndetrockner Cube | Impeco Wroc\u0142aw","robots":{"index":"index","follow":"follow","max-snippet":"max-snippet:-1","max-image-preview":"max-image-preview:large","max-video-preview":"max-video-preview:-1"},"canonical":"https:\/\/impeco.com.pl\/de\/produkt\/sensorgesteuerter-handetrockner-3\/","og_locale":"de_DE","og_type":"article","og_title":"Sensorgesteuerter H\u00e4ndetrockner Cube | Impeco Wroc\u0142aw","og_description":"Eine Neuheit im Angebot von Impeco \u2013 ein gegen Vandalismus gesch\u00fctzter Trockner aus rostfreiem Stahl 304. Eine einzigartige Leistung sowie ein niedriger Stromverbrauch sorgen f\u00fcr eine kurze Dauer des Trocknens zu einem niedrigem Preis. Der ab Werk montierte HEPA-Filter sorgt f\u00fcr Schutz vor Bakterien. Au\u00dferdem verf\u00fcgt der Trockner \u00fcber eine hohe Schutzklasse IPX4. In zwei Farben erh\u00e4ltlich.","og_url":"https:\/\/impeco.com.pl\/de\/produkt\/sensorgesteuerter-handetrockner-3\/","og_site_name":"Impeco Wroc\u0142aw","article_modified_time":"2019-11-22T10:23:00+00:00","og_image":[{"width":1500,"height":1500,"url":"https:\/\/impeco.com.pl\/wp-content\/uploads\/2019\/09\/1-A-1.jpg","type":"image\/jpeg"}],"twitter_card":"summary_large_image","schema":{"@context":"https:\/\/schema.org","@graph":[{"@type":"WebPage","@id":"https:\/\/impeco.com.pl\/de\/produkt\/sensorgesteuerter-handetrockner-3\/","url":"https:\/\/impeco.com.pl\/de\/produkt\/sensorgesteuerter-handetrockner-3\/","name":"Sensorgesteuerter H\u00e4ndetrockner Cube | Impeco Wroc\u0142aw","isPartOf":{"@id":"https:\/\/impeco.com.pl\/#website"},"primaryImageOfPage":{"@id":"https:\/\/impeco.com.pl\/de\/produkt\/sensorgesteuerter-handetrockner-3\/#primaryimage"},"image":{"@id":"https:\/\/impeco.com.pl\/de\/produkt\/sensorgesteuerter-handetrockner-3\/#primaryimage"},"thumbnailUrl":"https:\/\/impeco.com.pl\/wp-content\/uploads\/2019\/09\/1-A-1.jpg","datePublished":"2019-09-18T11:17:30+00:00","dateModified":"2019-11-22T10:23:00+00:00","breadcrumb":{"@id":"https:\/\/impeco.com.pl\/de\/produkt\/sensorgesteuerter-handetrockner-3\/#breadcrumb"},"inLanguage":"de","potentialAction":[{"@type":"ReadAction","target":["https:\/\/impeco.com.pl\/de\/produkt\/sensorgesteuerter-handetrockner-3\/"]}]},{"@type":"ImageObject","inLanguage":"de","@id":"https:\/\/impeco.com.pl\/de\/produkt\/sensorgesteuerter-handetrockner-3\/#primaryimage","url":"https:\/\/impeco.com.pl\/wp-content\/uploads\/2019\/09\/1-A-1.jpg","contentUrl":"https:\/\/impeco.com.pl\/wp-content\/uploads\/2019\/09\/1-A-1.jpg","width":1500,"height":1500},{"@type":"BreadcrumbList","@id":"https:\/\/impeco.com.pl\/de\/produkt\/sensorgesteuerter-handetrockner-3\/#breadcrumb","itemListElement":[{"@type":"ListItem","position":1,"name":"Strona g\u0142\u00f3wna","item":"https:\/\/impeco.com.pl\/de\/"},{"@type":"ListItem","position":2,"name":"Sortiment","item":"https:\/\/impeco.com.pl\/de\/sortiment\/"},{"@type":"ListItem","position":3,"name":"Sensorgesteuerter H\u00e4ndetrockner Cube"}]},{"@type":"WebSite","@id":"https:\/\/impeco.com.pl\/#website","url":"https:\/\/impeco.com.pl\/","name":"Impeco Wroc\u0142aw","description":"Oferujemy szeroki asortyment wyposa\u017cenia toalet publicznych","potentialAction":[{"@type":"SearchAction","target":{"@type":"EntryPoint","urlTemplate":"https:\/\/impeco.com.pl\/?s={search_term_string}"},"query-input":{"@type":"PropertyValueSpecification","valueRequired":true,"valueName":"search_term_string"}}],"inLanguage":"de"}]}},"_links":{"self":[{"href":"https:\/\/impeco.com.pl\/de\/wp-json\/wp\/v2\/product\/1495","targetHints":{"allow":["GET"]}}],"collection":[{"href":"https:\/\/impeco.com.pl\/de\/wp-json\/wp\/v2\/product"}],"about":[{"href":"https:\/\/impeco.com.pl\/de\/wp-json\/wp\/v2\/types\/product"}],"wp:featuredmedia":[{"embeddable":true,"href":"https:\/\/impeco.com.pl\/de\/wp-json\/wp\/v2\/media\/1416"}],"wp:attachment":[{"href":"https:\/\/impeco.com.pl\/de\/wp-json\/wp\/v2\/media?parent=1495"}],"wp:term":[{"taxonomy":"product_brand","embeddable":true,"href":"https:\/\/impeco.com.pl\/de\/wp-json\/wp\/v2\/product_brand?post=1495"},{"taxonomy":"product_cat","embeddable":true,"href":"https:\/\/impeco.com.pl\/de\/wp-json\/wp\/v2\/product_cat?post=1495"},{"taxonomy":"product_tag","embeddable":true,"href":"https:\/\/impeco.com.pl\/de\/wp-json\/wp\/v2\/product_tag?post=1495"}],"curies":[{"name":"wp","href":"https:\/\/api.w.org\/{rel}","templated":true}]}}