{"id":775,"date":"2019-09-18T13:41:29","date_gmt":"2019-09-18T11:41:29","guid":{"rendered":"http:\/\/impeco.com.pl\/?page_id=775"},"modified":"2021-10-13T09:19:49","modified_gmt":"2021-10-13T07:19:49","slug":"kontakt","status":"publish","type":"page","link":"https:\/\/impeco.com.pl\/de\/kontakt\/","title":{"rendered":"Kontakt"},"content":{"rendered":"<div class=\"wpb-content-wrapper\"><p>[vc_row][vc_column width=&#8220;1\/2&#8243;][vc_row_inner][vc_column_inner width=&#8220;1\/2&#8243;][vc_column_text]<\/p>\n<h4>IMPECO Sp. z o. o. S. K.<\/h4>\n<p>ul. Mydlana 1<br \/>\n51-502 Wroc\u0142aw<\/p>\n<p><strong>B\u00fcro<\/strong><br \/>\nal. Armii Krajowej 61<br \/>\n50-541 Wroc\u0142aw<\/p>\n<p><strong>\u00d6ffnungszeiten:<\/strong><br \/>\nWir sind f\u00fcr Sie da: 8:00 &#8211; 16:00<\/p>\n<p><strong>Lager<\/strong><br \/>\nal. Armii Krajowej 61<br \/>\n50-541 Wroc\u0142aw[\/vc_column_text][\/vc_column_inner][vc_column_inner width=&#8220;1\/2&#8243;][vc_column_text]<\/p>\n<h4>Kontakt<\/h4>\n<p><strong>Handel<\/strong><br \/>\nTel: <a href=\"tel:+48 71 390 49 08\">+48 71 390 49 08<\/a><br \/>\nFax: +48 71 324 18 90<br \/>\nEmail: <a href=\"mailto:office@impeco.pl\">office@impeco.pl<\/a><\/p>\n<p><strong>Buchhaltung<\/strong><br \/>\nTel: <a href=\"tel:+48 71 367 90 25\">+48 71 367 90 25<\/a><\/p>\n<p><strong>Logistik<\/strong><br \/>\nTel: <a href=\"tel:+48 71 367 90 25\">+48 71 367 90 25<\/a><\/p>\n<p><strong>Paulina Stolarczyk<\/strong><br \/>\nVertriebsleiter<\/p>\n<p>Mob: <a href=\"tel:+48 664 987 547\">+48 664 987 547<\/a><br \/>\nEmail: paulina.stolarczyk@impeco.pl[\/vc_column_text][\/vc_column_inner][\/vc_row_inner][\/vc_column][vc_column width=&#8220;1\/2&#8243;][vc_gmaps link=&#8220;#E-8_JTNDaWZyYW1lJTIwc3JjJTNEJTIyaHR0cHMlM0ElMkYlMkZ3d3cuZ29vZ2xlLmNvbSUyRm1hcHMlMkZlbWJlZCUzRnBiJTNEJTIxMW0xOCUyMTFtMTIlMjExbTMlMjExZDM1MzMuMjcxNDE3MDQ3ODY0JTIxMmQxNy4xMTA5MTA3NzcwODQwMjYlMjEzZDUxLjExNjE5OTQzMzkzOTkwNCUyMTJtMyUyMTFmMCUyMTJmMCUyMTNmMCUyMTNtMiUyMTFpMTAyNCUyMTJpNzY4JTIxNGYxMy4xJTIxM20zJTIxMW0yJTIxMXMweDQ3MGZlODBlN2Y1YWE0NWQlMjUzQTB4OGQ1NTBiZWQ1ZDQ4MDliNCUyMTJzSU1QRUNPJTI1MjBTcC4lMjUyMHolMjUyMG8uJTI1MjBvLiUyMTVlMCUyMTNtMiUyMTFzcGwlMjEyc3BsJTIxNHYxNTY4NjI0MDU1MjM0JTIxNW0yJTIxMXNwbCUyMTJzcGwlMjIlMjB3aWR0aCUzRCUyMjYwMCUyMiUyMGhlaWdodCUzRCUyMjQ1MCUyMiUyMGZyYW1lYm9yZGVyJTNEJTIyMCUyMiUyMHN0eWxlJTNEJTIyYm9yZGVyJTNBMCUzQiUyMiUyMGFsbG93ZnVsbHNjcmVlbiUzRCUyMiUyMiUzRSUzQyUyRmlmcmFtZSUzRQ==&#8220; size=&#8220;400&#8243;][\/vc_column][\/vc_row]<\/p>\n<\/div>","protected":false},"excerpt":{"rendered":"<p>[vc_row][vc_column width=&#8220;1\/2&#8243;][vc_row_inner][vc_column_inner width=&#8220;1\/2&#8243;][vc_column_text] IMPECO Sp. z o. o. S. K. ul. Mydlana 1 51-502 Wroc\u0142aw B\u00fcro al. Armii Krajowej 61 50-541 Wroc\u0142aw \u00d6ffnungszeiten: Wir sind f\u00fcr Sie da: 8:00 &#8211; 16:00 Lager al. Armii Krajowej 61 50-541 Wroc\u0142aw[\/vc_column_text][\/vc_column_inner][vc_column_inner width=&#8220;1\/2&#8243;][vc_column_text] Kontakt Handel Tel: +48 71 390 49 08 Fax: +48 71 324 18 90 Email: office@impeco.pl&hellip;<\/p>\n","protected":false},"author":1,"featured_media":0,"parent":0,"menu_order":0,"comment_status":"closed","ping_status":"closed","template":"","meta":{"footnotes":""},"class_list":["post-775","page","type-page","status-publish","hentry","description-off"],"yoast_head":"<!-- This site is optimized with the Yoast SEO plugin v25.4 - https:\/\/yoast.com\/wordpress\/plugins\/seo\/ -->\n<title>Kontakt | Impeco Wroc\u0142aw<\/title>\n<meta name=\"robots\" content=\"index, follow, max-snippet:-1, max-image-preview:large, max-video-preview:-1\" \/>\n<link rel=\"canonical\" href=\"https:\/\/impeco.com.pl\/de\/kontakt\/\" \/>\n<meta property=\"og:locale\" content=\"de_DE\" \/>\n<meta property=\"og:type\" content=\"article\" \/>\n<meta property=\"og:title\" content=\"Kontakt | Impeco Wroc\u0142aw\" \/>\n<meta property=\"og:description\" content=\"[vc_row][vc_column width=&#8220;1\/2&#8243;][vc_row_inner][vc_column_inner width=&#8220;1\/2&#8243;][vc_column_text] IMPECO Sp. z o. o. S. K. ul. Mydlana 1 51-502 Wroc\u0142aw B\u00fcro al. Armii Krajowej 61 50-541 Wroc\u0142aw \u00d6ffnungszeiten: Wir sind f\u00fcr Sie da: 8:00 &#8211; 16:00 Lager al. Armii Krajowej 61 50-541 Wroc\u0142aw[\/vc_column_text][\/vc_column_inner][vc_column_inner width=&#8220;1\/2&#8243;][vc_column_text] Kontakt Handel Tel: +48 71 390 49 08 Fax: +48 71 324 18 90 Email: office@impeco.pl&hellip;\" \/>\n<meta property=\"og:url\" content=\"https:\/\/impeco.com.pl\/de\/kontakt\/\" \/>\n<meta property=\"og:site_name\" content=\"Impeco Wroc\u0142aw\" \/>\n<meta property=\"article:modified_time\" content=\"2021-10-13T07:19:49+00:00\" \/>\n<meta name=\"twitter:card\" content=\"summary_large_image\" \/>\n<meta name=\"twitter:label1\" content=\"Gesch\u00e4tzte Lesezeit\" \/>\n\t<meta name=\"twitter:data1\" content=\"1\u00a0Minute\" \/>\n<script type=\"application\/ld+json\" class=\"yoast-schema-graph\">{\"@context\":\"https:\/\/schema.org\",\"@graph\":[{\"@type\":\"WebPage\",\"@id\":\"https:\/\/impeco.com.pl\/de\/kontakt\/\",\"url\":\"https:\/\/impeco.com.pl\/de\/kontakt\/\",\"name\":\"Kontakt | Impeco Wroc\u0142aw\",\"isPartOf\":{\"@id\":\"https:\/\/impeco.com.pl\/#website\"},\"datePublished\":\"2019-09-18T11:41:29+00:00\",\"dateModified\":\"2021-10-13T07:19:49+00:00\",\"breadcrumb\":{\"@id\":\"https:\/\/impeco.com.pl\/de\/kontakt\/#breadcrumb\"},\"inLanguage\":\"de\",\"potentialAction\":[{\"@type\":\"ReadAction\",\"target\":[\"https:\/\/impeco.com.pl\/de\/kontakt\/\"]}]},{\"@type\":\"BreadcrumbList\",\"@id\":\"https:\/\/impeco.com.pl\/de\/kontakt\/#breadcrumb\",\"itemListElement\":[{\"@type\":\"ListItem\",\"position\":1,\"name\":\"Strona g\u0142\u00f3wna\",\"item\":\"https:\/\/impeco.com.pl\/de\/\"},{\"@type\":\"ListItem\",\"position\":2,\"name\":\"Kontakt\"}]},{\"@type\":\"WebSite\",\"@id\":\"https:\/\/impeco.com.pl\/#website\",\"url\":\"https:\/\/impeco.com.pl\/\",\"name\":\"Impeco Wroc\u0142aw\",\"description\":\"Oferujemy szeroki asortyment wyposa\u017cenia toalet publicznych\",\"potentialAction\":[{\"@type\":\"SearchAction\",\"target\":{\"@type\":\"EntryPoint\",\"urlTemplate\":\"https:\/\/impeco.com.pl\/?s={search_term_string}\"},\"query-input\":{\"@type\":\"PropertyValueSpecification\",\"valueRequired\":true,\"valueName\":\"search_term_string\"}}],\"inLanguage\":\"de\"}]}<\/script>\n<!-- \/ Yoast SEO plugin. -->","yoast_head_json":{"title":"Kontakt | Impeco Wroc\u0142aw","robots":{"index":"index","follow":"follow","max-snippet":"max-snippet:-1","max-image-preview":"max-image-preview:large","max-video-preview":"max-video-preview:-1"},"canonical":"https:\/\/impeco.com.pl\/de\/kontakt\/","og_locale":"de_DE","og_type":"article","og_title":"Kontakt | Impeco Wroc\u0142aw","og_description":"[vc_row][vc_column width=&#8220;1\/2&#8243;][vc_row_inner][vc_column_inner width=&#8220;1\/2&#8243;][vc_column_text] IMPECO Sp. z o. o. S. K. ul. Mydlana 1 51-502 Wroc\u0142aw B\u00fcro al. Armii Krajowej 61 50-541 Wroc\u0142aw \u00d6ffnungszeiten: Wir sind f\u00fcr Sie da: 8:00 &#8211; 16:00 Lager al. Armii Krajowej 61 50-541 Wroc\u0142aw[\/vc_column_text][\/vc_column_inner][vc_column_inner width=&#8220;1\/2&#8243;][vc_column_text] Kontakt Handel Tel: +48 71 390 49 08 Fax: +48 71 324 18 90 Email: office@impeco.pl&hellip;","og_url":"https:\/\/impeco.com.pl\/de\/kontakt\/","og_site_name":"Impeco Wroc\u0142aw","article_modified_time":"2021-10-13T07:19:49+00:00","twitter_card":"summary_large_image","twitter_misc":{"Gesch\u00e4tzte Lesezeit":"1\u00a0Minute"},"schema":{"@context":"https:\/\/schema.org","@graph":[{"@type":"WebPage","@id":"https:\/\/impeco.com.pl\/de\/kontakt\/","url":"https:\/\/impeco.com.pl\/de\/kontakt\/","name":"Kontakt | Impeco Wroc\u0142aw","isPartOf":{"@id":"https:\/\/impeco.com.pl\/#website"},"datePublished":"2019-09-18T11:41:29+00:00","dateModified":"2021-10-13T07:19:49+00:00","breadcrumb":{"@id":"https:\/\/impeco.com.pl\/de\/kontakt\/#breadcrumb"},"inLanguage":"de","potentialAction":[{"@type":"ReadAction","target":["https:\/\/impeco.com.pl\/de\/kontakt\/"]}]},{"@type":"BreadcrumbList","@id":"https:\/\/impeco.com.pl\/de\/kontakt\/#breadcrumb","itemListElement":[{"@type":"ListItem","position":1,"name":"Strona g\u0142\u00f3wna","item":"https:\/\/impeco.com.pl\/de\/"},{"@type":"ListItem","position":2,"name":"Kontakt"}]},{"@type":"WebSite","@id":"https:\/\/impeco.com.pl\/#website","url":"https:\/\/impeco.com.pl\/","name":"Impeco Wroc\u0142aw","description":"Oferujemy szeroki asortyment wyposa\u017cenia toalet publicznych","potentialAction":[{"@type":"SearchAction","target":{"@type":"EntryPoint","urlTemplate":"https:\/\/impeco.com.pl\/?s={search_term_string}"},"query-input":{"@type":"PropertyValueSpecification","valueRequired":true,"valueName":"search_term_string"}}],"inLanguage":"de"}]}},"_links":{"self":[{"href":"https:\/\/impeco.com.pl\/de\/wp-json\/wp\/v2\/pages\/775","targetHints":{"allow":["GET"]}}],"collection":[{"href":"https:\/\/impeco.com.pl\/de\/wp-json\/wp\/v2\/pages"}],"about":[{"href":"https:\/\/impeco.com.pl\/de\/wp-json\/wp\/v2\/types\/page"}],"author":[{"embeddable":true,"href":"https:\/\/impeco.com.pl\/de\/wp-json\/wp\/v2\/users\/1"}],"replies":[{"embeddable":true,"href":"https:\/\/impeco.com.pl\/de\/wp-json\/wp\/v2\/comments?post=775"}],"version-history":[{"count":4,"href":"https:\/\/impeco.com.pl\/de\/wp-json\/wp\/v2\/pages\/775\/revisions"}],"predecessor-version":[{"id":1760,"href":"https:\/\/impeco.com.pl\/de\/wp-json\/wp\/v2\/pages\/775\/revisions\/1760"}],"wp:attachment":[{"href":"https:\/\/impeco.com.pl\/de\/wp-json\/wp\/v2\/media?parent=775"}],"curies":[{"name":"wp","href":"https:\/\/api.w.org\/{rel}","templated":true}]}}